{"id":754,"date":"2018-09-27T14:18:05","date_gmt":"2018-09-27T14:18:05","guid":{"rendered":"http:\/\/inika.net\/politica-de-privacidad\/"},"modified":"2023-12-12T11:45:49","modified_gmt":"2023-12-12T11:45:49","slug":"politica-de-privacidad","status":"publish","type":"page","link":"https:\/\/inika.net\/eu\/politica-de-privacidad\/","title":{"rendered":"Pol\u00edtica de privacidad"},"content":{"rendered":"<p><div class=\"fusion-fullwidth fullwidth-box fusion-builder-row-1 nonhundred-percent-fullwidth non-hundred-percent-height-scrolling\" style=\"--awb-border-radius-top-left:0px;--awb-border-radius-top-right:0px;--awb-border-radius-bottom-right:0px;--awb-border-radius-bottom-left:0px;--awb-padding-top:55px;--awb-flex-wrap:wrap;\" ><div class=\"fusion-builder-row fusion-row\"><div class=\"fusion-layout-column fusion_builder_column fusion-builder-column-0 fusion_builder_column_1_1 1_1 fusion-one-full fusion-column-first fusion-column-last\" style=\"--awb-bg-size:cover;\"><div class=\"fusion-column-wrapper fusion-flex-column-wrapper-legacy\"><div class=\"fusion-title title fusion-title-1 fusion-title-text fusion-title-size-two\"><h2 class=\"fusion-title-heading title-heading-left\" style=\"margin:0;\">Pol\u00edtica de privacidad<\/h2><span class=\"awb-title-spacer\"><\/span><div class=\"title-sep-container\"><div class=\"title-sep sep-double sep-solid\" style=\"border-color:#e0dede;\"><\/div><\/div><\/div><div class=\"fusion-text fusion-text-1\"><p>Este sitio web (en adelante, la Web) es propiedad de\u00a0UKABI, S.L., con domicilio social en La Salbe N\u00ba 39 bajo, 20730 Azpeitia Guipuzcoa, Espa\u00f1a y C.I.F. n\u00ba B-20379269. Contacto: inika.net. Tel\u00e9fono: 943 15 01 01.<\/p>\n<p>Es compromiso de Ukabi respetar la privacidad de los usuarios y la protecci\u00f3n y seguridad de los datos personales de quienes acceden y\/o son usuarios de la Web. Por ello, por medio de este documento, le informamos sobre la forma en la que recogemos, tratamos y protegemos su informaci\u00f3n personal, tanto aquella que nos facilita directamente, como la derivada de la navegaci\u00f3n, uso y disfrute de los contenidos y servicios asociados a la Web.<\/p>\n<p>El usuario debe leer con atenci\u00f3n esta Pol\u00edtica de privacidad y determinar, libre y voluntariamente, si desea facilitar sus datos personales a UKABI en las condiciones que se establecen en la misma.<\/p>\n<\/div><div class=\"fusion-clearfix\"><\/div><\/div><\/div><\/div><\/div><div class=\"fusion-fullwidth fullwidth-box fusion-builder-row-2 nonhundred-percent-fullwidth non-hundred-percent-height-scrolling\" style=\"--awb-border-radius-top-left:0px;--awb-border-radius-top-right:0px;--awb-border-radius-bottom-right:0px;--awb-border-radius-bottom-left:0px;--awb-flex-wrap:wrap;\" ><div class=\"fusion-builder-row fusion-row\"><div class=\"fusion-layout-column fusion_builder_column fusion-builder-column-1 fusion_builder_column_1_1 1_1 fusion-one-full fusion-column-first fusion-column-last\" style=\"--awb-bg-size:cover;\"><div class=\"fusion-column-wrapper fusion-flex-column-wrapper-legacy\"><div class=\"fusion-title title fusion-title-2 fusion-title-text fusion-title-size-two\"><h2 class=\"fusion-title-heading title-heading-left\" style=\"margin:0;\"><strong>1 \u00bfCON QU\u00c9 FINALIDAD TRATAREMOS SUS DATOS PERSONALES Y DURANTE CU\u00c1NTO TIEMPO?<\/strong><\/h2><span class=\"awb-title-spacer\"><\/span><div class=\"title-sep-container\"><div class=\"title-sep sep-double sep-solid\" style=\"border-color:#e0dede;\"><\/div><\/div><\/div><div class=\"fusion-text fusion-text-2\"><p>Los datos personales recabados a trav\u00e9s de la Web ser\u00e1n tratados por UKABI conforme a las siguientes finalidades:<\/p>\n<ul>\n<li>Gestionar las solicitudes de contacto e informaci\u00f3n.<\/li>\n<li>Gestionar el env\u00edo por cualquier medio, incluidos los electr\u00f3nicos, de comunicaciones y ofertas comerciales tanto de nuestros propios productos y servicios.fundamentalmente en los \u00e1mbitos de formaci\u00f3n y educaci\u00f3n.<\/li>\n<\/ul>\n<p>Los datos se conservar\u00e1n durante el tiempo necesario para la realizaci\u00f3n de las finalidades para las que fueron recogidos, salvo que el usuario solicite su baja a UKABI, se oponga o revoque su consentimiento o que exista una obligaci\u00f3n legal de conservarlos por un tiempo superior.<\/p>\n<\/div><div class=\"fusion-clearfix\"><\/div><\/div><\/div><\/div><\/div><div class=\"fusion-fullwidth fullwidth-box fusion-builder-row-3 nonhundred-percent-fullwidth non-hundred-percent-height-scrolling\" style=\"--awb-border-radius-top-left:0px;--awb-border-radius-top-right:0px;--awb-border-radius-bottom-right:0px;--awb-border-radius-bottom-left:0px;--awb-flex-wrap:wrap;\" ><div class=\"fusion-builder-row fusion-row\"><div class=\"fusion-layout-column fusion_builder_column fusion-builder-column-2 fusion_builder_column_1_1 1_1 fusion-one-full fusion-column-first fusion-column-last\" style=\"--awb-bg-size:cover;\"><div class=\"fusion-column-wrapper fusion-flex-column-wrapper-legacy\"><div class=\"fusion-title title fusion-title-3 fusion-title-text fusion-title-size-two\"><h2 class=\"fusion-title-heading title-heading-left\" style=\"margin:0;\"><strong>2 \u00bfQU\u00c9 DATOS TRATAREMOS?<\/strong><\/h2><span class=\"awb-title-spacer\"><\/span><div class=\"title-sep-container\"><div class=\"title-sep sep-double sep-solid\" style=\"border-color:#e0dede;\"><\/div><\/div><\/div><div class=\"fusion-text fusion-text-3\"><p>Las categor\u00edas de datos que ser\u00e1n objeto de tratamiento por parte de UKABI vendr\u00e1n determinadas, en cada caso, por los formularios que figuran en las distintas secciones de la Web, incluyendo datos identificativos y de contacto.<\/p>\n<p>En caso de que el usuario facilite datos de terceros, manifiesta contar con el consentimiento de los mismos y se compromete a trasladar al interesado, titular de dichos datos, la informaci\u00f3n contenida en esta Pol\u00edtica de privacidad, eximiendo a UKABI de cualquier responsabilidad en este sentido. No obstante, UKABI podr\u00e1 llevar a cabo las verificaciones necesarias para constatar este hecho, adoptando las medidas de diligencia debida que correspondan, conforme a la normativa de protecci\u00f3n de datos.<\/p>\n<\/div><div class=\"fusion-clearfix\"><\/div><\/div><\/div><\/div><\/div><div class=\"fusion-fullwidth fullwidth-box fusion-builder-row-4 nonhundred-percent-fullwidth non-hundred-percent-height-scrolling\" style=\"--awb-border-radius-top-left:0px;--awb-border-radius-top-right:0px;--awb-border-radius-bottom-right:0px;--awb-border-radius-bottom-left:0px;--awb-flex-wrap:wrap;\" ><div class=\"fusion-builder-row fusion-row\"><div class=\"fusion-layout-column fusion_builder_column fusion-builder-column-3 fusion_builder_column_1_1 1_1 fusion-one-full fusion-column-first fusion-column-last\" style=\"--awb-bg-size:cover;\"><div class=\"fusion-column-wrapper fusion-flex-column-wrapper-legacy\"><div class=\"fusion-title title fusion-title-4 fusion-title-text fusion-title-size-two\"><h2 class=\"fusion-title-heading title-heading-left\" style=\"margin:0;\"><strong>3 \u00bfCU\u00c1NDO ES OBLIGATORIO FACILITAR DATOS?<\/strong><\/h2><span class=\"awb-title-spacer\"><\/span><div class=\"title-sep-container\"><div class=\"title-sep sep-double sep-solid\" style=\"border-color:#e0dede;\"><\/div><\/div><\/div><div class=\"fusion-text fusion-text-4\"><p>En la Web se indicar\u00e1 cu\u00e1les de los datos solicitados en los formularios tienen car\u00e1cter obligatorio para cumplir con las finalidades establecidas. Por lo tanto, si no se facilitan estos datos o no se facilitan correctamente, no podr\u00e1n atenderse las solicitudes de los usuarios o hacer uso del servicio o prestaci\u00f3n de que se trate.<\/p>\n<\/div><div class=\"fusion-clearfix\"><\/div><\/div><\/div><\/div><\/div><div class=\"fusion-fullwidth fullwidth-box fusion-builder-row-5 nonhundred-percent-fullwidth non-hundred-percent-height-scrolling\" style=\"--awb-border-radius-top-left:0px;--awb-border-radius-top-right:0px;--awb-border-radius-bottom-right:0px;--awb-border-radius-bottom-left:0px;--awb-flex-wrap:wrap;\" ><div class=\"fusion-builder-row fusion-row\"><div class=\"fusion-layout-column fusion_builder_column fusion-builder-column-4 fusion_builder_column_1_1 1_1 fusion-one-full fusion-column-first fusion-column-last\" style=\"--awb-bg-size:cover;\"><div class=\"fusion-column-wrapper fusion-flex-column-wrapper-legacy\"><div class=\"fusion-title title fusion-title-5 fusion-title-text fusion-title-size-two\"><h2 class=\"fusion-title-heading title-heading-left\" style=\"margin:0;\"><strong>4 \u00bfCU\u00c1L ES LA LEGITIMACI\u00d3N DEL TRATAMIENTO DE SUS DATOS?<\/strong><\/h2><span class=\"awb-title-spacer\"><\/span><div class=\"title-sep-container\"><div class=\"title-sep sep-double sep-solid\" style=\"border-color:#e0dede;\"><\/div><\/div><\/div><div class=\"fusion-text fusion-text-5\"><p>El tratamiento de datos para la gesti\u00f3n de solicitudes de contacto e informaci\u00f3n, es necesario para la eficaz ejecuci\u00f3n de dichas tareas. Por su parte, la base legal para el uso de los datos con fines de marketing ser\u00e1 el consentimiento libre del usuario.<\/p>\n<\/div><div class=\"fusion-clearfix\"><\/div><\/div><\/div><\/div><\/div><div class=\"fusion-fullwidth fullwidth-box fusion-builder-row-6 nonhundred-percent-fullwidth non-hundred-percent-height-scrolling\" style=\"--awb-border-radius-top-left:0px;--awb-border-radius-top-right:0px;--awb-border-radius-bottom-right:0px;--awb-border-radius-bottom-left:0px;--awb-flex-wrap:wrap;\" ><div class=\"fusion-builder-row fusion-row\"><div class=\"fusion-layout-column fusion_builder_column fusion-builder-column-5 fusion_builder_column_1_1 1_1 fusion-one-full fusion-column-first fusion-column-last\" style=\"--awb-bg-size:cover;\"><div class=\"fusion-column-wrapper fusion-flex-column-wrapper-legacy\"><div class=\"fusion-title title fusion-title-6 fusion-title-text fusion-title-size-two\"><h2 class=\"fusion-title-heading title-heading-left\" style=\"margin:0;\"><p><strong>5 \u00bfPUEDO RECIBIR COMUNICACIONES COMERCIALES Y PROMOCIONALES?<\/strong><\/p>\n<p><strong> <\/strong><\/p><\/h2><span class=\"awb-title-spacer\"><\/span><div class=\"title-sep-container\"><div class=\"title-sep sep-double sep-solid\" style=\"border-color:#e0dede;\"><\/div><\/div><\/div><div class=\"fusion-text fusion-text-6\"><p>Siempre que se realice alguna comunicaci\u00f3n de este tipo, de acuerdo con las finalidades y legitimaci\u00f3n indicadas en los apartados anteriores, la misma ser\u00e1 dirigida \u00fanica y exclusivamente a aquellos usuarios que no hayan manifestado previamente su negativa marcando la casilla as\u00ed dispuesta en el formulario de recogida de sus datos.<\/p>\n<p>Para llevar a cabo la labor anterior, UKABI podr\u00e1 analizar los datos obtenidos a fin de elaborar perfiles de usuario que permitan definir con mayor detalle los productos que puedan resultar de su inter\u00e9s.<\/p>\n<p>En caso de que desee revocar su consentimiento y dejar de recibir comunicaciones comerciales o promocionales, puede solicitarlo indic\u00e1ndolo mediante la opci\u00f3n de baja proporcionada en cada una de las comunicaciones comerciales enviadas. La revocaci\u00f3n del consentimiento no afectar\u00e1 a la licitud de los tratamientos efectuados con anterioridad.<\/p>\n<\/div><div class=\"fusion-clearfix\"><\/div><\/div><\/div><\/div><\/div><div class=\"fusion-fullwidth fullwidth-box fusion-builder-row-7 nonhundred-percent-fullwidth non-hundred-percent-height-scrolling\" style=\"--awb-border-radius-top-left:0px;--awb-border-radius-top-right:0px;--awb-border-radius-bottom-right:0px;--awb-border-radius-bottom-left:0px;--awb-flex-wrap:wrap;\" ><div class=\"fusion-builder-row fusion-row\"><div class=\"fusion-layout-column fusion_builder_column fusion-builder-column-6 fusion_builder_column_1_1 1_1 fusion-one-full fusion-column-first fusion-column-last\" style=\"--awb-bg-size:cover;\"><div class=\"fusion-column-wrapper fusion-flex-column-wrapper-legacy\"><div class=\"fusion-title title fusion-title-7 fusion-title-text fusion-title-size-two\"><h2 class=\"fusion-title-heading title-heading-left\" style=\"margin:0;\"><p><strong>6 \u00bfQU\u00c9 DERECHOS TIENE EL USUARIO, Y C\u00d3MO PUEDE EJERCITARLOS?<\/strong><\/p>\n<p><strong> <\/strong><\/p>\n<p><strong> <\/strong><\/p><\/h2><span class=\"awb-title-spacer\"><\/span><div class=\"title-sep-container\"><div class=\"title-sep sep-double sep-solid\" style=\"border-color:#e0dede;\"><\/div><\/div><\/div><div class=\"fusion-text fusion-text-7\"><p>En cualquier momento y de manera gratuita, el usuario puede ejercitar los derechos reconocidos por la normativa de protecci\u00f3n de datos ante UKABI (revocar consentimientos, acceder a los datos personales que est\u00e1n siendo tratados, rectificarlos, solicitar su supresi\u00f3n o portabilidad y\/o limitar su tratamiento).<\/p>\n<p>Para el ejercicio de los derechos ser\u00e1 preciso ponerse en contacto con UKABI por los canales arriba indicados, se\u00f1alando el derecho o derechos que desee ejercitar. UKABI estudiar\u00e1 su solicitud con la finalidad de darle una respuesta a la mayor brevedad posible. Por favor, tenga en cuenta que los derechos se\u00f1alados solo podr\u00e1n ser atendidos en los supuestos previstos por la normativa de protecci\u00f3n de datos.<\/p>\n<p>Igualmente, si lo estima oportuno, puede presentar una reclamaci\u00f3n ante la autoridad competente en la materia.<\/p>\n<\/div><div class=\"fusion-clearfix\"><\/div><\/div><\/div><\/div><\/div><div class=\"fusion-fullwidth fullwidth-box fusion-builder-row-8 nonhundred-percent-fullwidth non-hundred-percent-height-scrolling\" style=\"--awb-border-radius-top-left:0px;--awb-border-radius-top-right:0px;--awb-border-radius-bottom-right:0px;--awb-border-radius-bottom-left:0px;--awb-flex-wrap:wrap;\" ><div class=\"fusion-builder-row fusion-row\"><div class=\"fusion-layout-column fusion_builder_column fusion-builder-column-7 fusion_builder_column_1_1 1_1 fusion-one-full fusion-column-first fusion-column-last\" style=\"--awb-bg-size:cover;\"><div class=\"fusion-column-wrapper fusion-flex-column-wrapper-legacy\"><div class=\"fusion-title title fusion-title-8 fusion-title-text fusion-title-size-two\"><h2 class=\"fusion-title-heading title-heading-left\" style=\"margin:0;\"><p><strong>7 \u00bfQU\u00c9 RESPONSABILIDADES TIENE EL USUARIO EN RELACI\u00d3N CON LOS DATOS?<\/strong><\/p>\n<p><strong> <\/strong><\/p><\/h2><span class=\"awb-title-spacer\"><\/span><div class=\"title-sep-container\"><div class=\"title-sep sep-double sep-solid\" style=\"border-color:#e0dede;\"><\/div><\/div><\/div><div class=\"fusion-text fusion-text-8\"><p>El usuario:<\/p>\n<ul>\n<li>Garantiza que es mayor de 18 a\u00f1os y que los datos que facilita son verdaderos, exactos, completos y actualizados. A estos efectos, el usuario responde de la veracidad de todos los datos que comunique y mantendr\u00e1 convenientemente actualizada la informaci\u00f3n facilitada, de tal forma que responda a su situaci\u00f3n real.<\/li>\n<li>Garantiza que ha informado a los terceros de los que facilite sus datos, en caso de hacerlo, de los aspectos contenidos en este documento. Asimismo, garantiza que ha obtenido su autorizaci\u00f3n para facilitar sus datos a UKABI para los fines se\u00f1alados.<\/li>\n<li>Ser\u00e1 responsable de las informaciones falsas o inexactas que proporcione a trav\u00e9s de la Web y de los da\u00f1os y perjuicios, directos o indirectos, que ello cause a UKABI o a terceros.<\/li>\n<\/ul>\n<\/div><div class=\"fusion-clearfix\"><\/div><\/div><\/div><\/div><\/div><div class=\"fusion-fullwidth fullwidth-box fusion-builder-row-9 nonhundred-percent-fullwidth non-hundred-percent-height-scrolling\" style=\"--awb-border-radius-top-left:0px;--awb-border-radius-top-right:0px;--awb-border-radius-bottom-right:0px;--awb-border-radius-bottom-left:0px;--awb-flex-wrap:wrap;\" ><div class=\"fusion-builder-row fusion-row\"><div class=\"fusion-layout-column fusion_builder_column fusion-builder-column-8 fusion_builder_column_1_1 1_1 fusion-one-full fusion-column-first fusion-column-last\" style=\"--awb-bg-size:cover;\"><div class=\"fusion-column-wrapper fusion-flex-column-wrapper-legacy\"><div class=\"fusion-title title fusion-title-9 fusion-title-text fusion-title-size-two\"><h2 class=\"fusion-title-heading title-heading-left\" style=\"margin:0;\"><p><strong>8 \u00bfQU\u00c9 RESPONSABILIDADES TIENE EL USUARIO EN RELACI\u00d3N CON LOS DATOS?<\/strong><\/p>\n<p><strong> <\/strong><\/p><\/h2><span class=\"awb-title-spacer\"><\/span><div class=\"title-sep-container\"><div class=\"title-sep sep-double sep-solid\" style=\"border-color:#e0dede;\"><\/div><\/div><\/div><div class=\"fusion-text fusion-text-9\"><p>Los datos ser\u00e1n custodiados por UKABI en sistemas que garanticen la m\u00e1xima confidencialidad y seguridad de la informaci\u00f3n, conforme a lo previsto en la normativa aplicable, adoptando al efecto las medidas de \u00edndole t\u00e9cnica y organizativas necesarias para evitar su alteraci\u00f3n, p\u00e9rdida, tratamiento o acceso no autorizado, habida cuenta del estado de la tecnolog\u00eda, la naturaleza de los datos y los riesgos a que est\u00e1n expuestos.<\/p>\n<\/div><div class=\"fusion-clearfix\"><\/div><\/div><\/div><\/div><\/div><\/p>\n","protected":false},"excerpt":{"rendered":"","protected":false},"author":1,"featured_media":0,"parent":0,"menu_order":0,"comment_status":"closed","ping_status":"closed","template":"","meta":{"footnotes":""},"class_list":["post-754","page","type-page","status-publish","hentry"],"yoast_head":"<!-- This site is optimized with the Yoast SEO plugin v26.5 - https:\/\/yoast.com\/wordpress\/plugins\/seo\/ -->\n<title>Pol\u00edtica de privacidad - Inika - Software de gesti\u00f3n acad\u00e9mica<\/title>\n<meta name=\"robots\" content=\"noindex, follow\" \/>\n<meta property=\"og:locale\" content=\"eu_ES\" \/>\n<meta property=\"og:type\" content=\"article\" \/>\n<meta property=\"og:title\" content=\"Pol\u00edtica de privacidad - Inika - Software de gesti\u00f3n acad\u00e9mica\" \/>\n<meta property=\"og:url\" content=\"https:\/\/inika.net\/eu\/politica-de-privacidad\/\" \/>\n<meta property=\"og:site_name\" content=\"Inika - Software de gesti\u00f3n acad\u00e9mica\" \/>\n<meta property=\"article:modified_time\" content=\"2023-12-12T11:45:49+00:00\" \/>\n<meta name=\"twitter:card\" content=\"summary_large_image\" \/>\n<meta name=\"twitter:label1\" content=\"Est. reading time\" \/>\n\t<meta name=\"twitter:data1\" content=\"15 minutes\" \/>\n<script type=\"application\/ld+json\" class=\"yoast-schema-graph\">{\"@context\":\"https:\/\/schema.org\",\"@graph\":[{\"@type\":\"WebPage\",\"@id\":\"https:\/\/inika.net\/eu\/politica-de-privacidad\/\",\"url\":\"https:\/\/inika.net\/eu\/politica-de-privacidad\/\",\"name\":\"Pol\u00edtica de privacidad - Inika - Software de gesti\u00f3n acad\u00e9mica\",\"isPartOf\":{\"@id\":\"https:\/\/inika.net\/#website\"},\"datePublished\":\"2018-09-27T14:18:05+00:00\",\"dateModified\":\"2023-12-12T11:45:49+00:00\",\"inLanguage\":\"eu-ES\",\"potentialAction\":[{\"@type\":\"ReadAction\",\"target\":[\"https:\/\/inika.net\/eu\/politica-de-privacidad\/\"]}]},{\"@type\":\"WebSite\",\"@id\":\"https:\/\/inika.net\/#website\",\"url\":\"https:\/\/inika.net\/\",\"name\":\"Inika - Software de gesti\u00f3n acad\u00e9mica\",\"description\":\"Inika es el software de gesti\u00f3n acad\u00e9mica, una soluci\u00f3n integral para centros de ense\u00f1anza.\",\"potentialAction\":[{\"@type\":\"SearchAction\",\"target\":{\"@type\":\"EntryPoint\",\"urlTemplate\":\"https:\/\/inika.net\/?s={search_term_string}\"},\"query-input\":{\"@type\":\"PropertyValueSpecification\",\"valueRequired\":true,\"valueName\":\"search_term_string\"}}],\"inLanguage\":\"eu-ES\"}]}<\/script>\n<!-- \/ Yoast SEO plugin. -->","yoast_head_json":{"title":"Pol\u00edtica de privacidad - Inika - Software de gesti\u00f3n acad\u00e9mica","robots":{"index":"noindex","follow":"follow"},"og_locale":"eu_ES","og_type":"article","og_title":"Pol\u00edtica de privacidad - Inika - Software de gesti\u00f3n acad\u00e9mica","og_url":"https:\/\/inika.net\/eu\/politica-de-privacidad\/","og_site_name":"Inika - Software de gesti\u00f3n acad\u00e9mica","article_modified_time":"2023-12-12T11:45:49+00:00","twitter_card":"summary_large_image","twitter_misc":{"Est. reading time":"15 minutes"},"schema":{"@context":"https:\/\/schema.org","@graph":[{"@type":"WebPage","@id":"https:\/\/inika.net\/eu\/politica-de-privacidad\/","url":"https:\/\/inika.net\/eu\/politica-de-privacidad\/","name":"Pol\u00edtica de privacidad - Inika - Software de gesti\u00f3n acad\u00e9mica","isPartOf":{"@id":"https:\/\/inika.net\/#website"},"datePublished":"2018-09-27T14:18:05+00:00","dateModified":"2023-12-12T11:45:49+00:00","inLanguage":"eu-ES","potentialAction":[{"@type":"ReadAction","target":["https:\/\/inika.net\/eu\/politica-de-privacidad\/"]}]},{"@type":"WebSite","@id":"https:\/\/inika.net\/#website","url":"https:\/\/inika.net\/","name":"Inika - Software de gesti\u00f3n acad\u00e9mica","description":"Inika es el software de gesti\u00f3n acad\u00e9mica, una soluci\u00f3n integral para centros de ense\u00f1anza.","potentialAction":[{"@type":"SearchAction","target":{"@type":"EntryPoint","urlTemplate":"https:\/\/inika.net\/?s={search_term_string}"},"query-input":{"@type":"PropertyValueSpecification","valueRequired":true,"valueName":"search_term_string"}}],"inLanguage":"eu-ES"}]}},"_links":{"self":[{"href":"https:\/\/inika.net\/eu\/wp-json\/wp\/v2\/pages\/754","targetHints":{"allow":["GET"]}}],"collection":[{"href":"https:\/\/inika.net\/eu\/wp-json\/wp\/v2\/pages"}],"about":[{"href":"https:\/\/inika.net\/eu\/wp-json\/wp\/v2\/types\/page"}],"author":[{"embeddable":true,"href":"https:\/\/inika.net\/eu\/wp-json\/wp\/v2\/users\/1"}],"replies":[{"embeddable":true,"href":"https:\/\/inika.net\/eu\/wp-json\/wp\/v2\/comments?post=754"}],"version-history":[{"count":4,"href":"https:\/\/inika.net\/eu\/wp-json\/wp\/v2\/pages\/754\/revisions"}],"predecessor-version":[{"id":6201,"href":"https:\/\/inika.net\/eu\/wp-json\/wp\/v2\/pages\/754\/revisions\/6201"}],"wp:attachment":[{"href":"https:\/\/inika.net\/eu\/wp-json\/wp\/v2\/media?parent=754"}],"curies":[{"name":"wp","href":"https:\/\/api.w.org\/{rel}","templated":true}]}}