{"id":752,"date":"2018-09-27T14:17:23","date_gmt":"2018-09-27T14:17:23","guid":{"rendered":"http:\/\/inika.net\/politica-de-cookies\/"},"modified":"2023-12-12T11:43:39","modified_gmt":"2023-12-12T11:43:39","slug":"politica-de-cookies","status":"publish","type":"page","link":"https:\/\/inika.net\/eu\/politica-de-cookies\/","title":{"rendered":"Cookie-en politika"},"content":{"rendered":"<p><div class=\"fusion-fullwidth fullwidth-box fusion-builder-row-1 nonhundred-percent-fullwidth non-hundred-percent-height-scrolling\" style=\"--awb-border-radius-top-left:0px;--awb-border-radius-top-right:0px;--awb-border-radius-bottom-right:0px;--awb-border-radius-bottom-left:0px;--awb-padding-top:55px;--awb-flex-wrap:wrap;\" ><div class=\"fusion-builder-row fusion-row\"><div class=\"fusion-layout-column fusion_builder_column fusion-builder-column-0 fusion_builder_column_1_1 1_1 fusion-one-full fusion-column-first fusion-column-last\" style=\"--awb-bg-size:cover;\"><div class=\"fusion-column-wrapper fusion-flex-column-wrapper-legacy\"><div class=\"fusion-title title fusion-title-1 fusion-title-text fusion-title-size-two\"><h2 class=\"fusion-title-heading title-heading-left\" style=\"margin:0;\">Cookien erabilerari buruzko araudia<\/h2><span class=\"awb-title-spacer\"><\/span><div class=\"title-sep-container\"><div class=\"title-sep sep-double sep-solid\" style=\"border-color:#e0dede;\"><\/div><\/div><\/div><div class=\"fusion-text fusion-text-1\"><p>Cookie Politika hau UKABI, S.L.ren Legezko Oharraren eta Pribatutasun Politikaren parte da. Gunean sartu eta nabigatzeak, edo bertako zerbitzuak erabiltzeak, gure Legezko Oharrean ezarritako Baldintza Orokorrak onartzea dakar (eta, beraz, Pribatutasun Politika eta Cookien Politika). Mesedez, irakur itzazu erakarrita.<\/p>\n<p>Eskertzen dizugu gu bisitatzea, tokian duzun esperientzia ahalik eta onena izatea nahi dugu, eta horregatik idatzi dugu Cookie Politika hau ahalik eta garden.<\/p>\n<\/div><div class=\"fusion-clearfix\"><\/div><\/div><\/div><\/div><\/div><div class=\"fusion-fullwidth fullwidth-box fusion-builder-row-2 nonhundred-percent-fullwidth non-hundred-percent-height-scrolling\" style=\"--awb-border-radius-top-left:0px;--awb-border-radius-top-right:0px;--awb-border-radius-bottom-right:0px;--awb-border-radius-bottom-left:0px;--awb-flex-wrap:wrap;\" ><div class=\"fusion-builder-row fusion-row\"><div class=\"fusion-layout-column fusion_builder_column fusion-builder-column-1 fusion_builder_column_1_1 1_1 fusion-one-full fusion-column-first fusion-column-last\" style=\"--awb-bg-size:cover;\"><div class=\"fusion-column-wrapper fusion-flex-column-wrapper-legacy\"><div class=\"fusion-title title fusion-title-2 fusion-title-text fusion-title-size-two\"><h2 class=\"fusion-title-heading title-heading-left\" style=\"margin:0;\">Zer da cookie bat?<\/h2><span class=\"awb-title-spacer\"><\/span><div class=\"title-sep-container\"><div class=\"title-sep sep-double sep-solid\" style=\"border-color:#e0dede;\"><\/div><\/div><\/div><div class=\"fusion-text fusion-text-2\"><p>Web gune bat bisitatzean erabiltzen den erabiltzailearen gailuan deskargatzen diren informazio-kantitate txikiak dituzten fitxategiak dira cookieak.<\/p>\n<p>www.inika.net-ra sartzen den bakoitzean erabiltzailea ezagutzea da haren helburu nagusia, eta, gainera, gure webgunearen kalitatea eta erabilgarritasuna hobetzea ahalbidetzen digu. Cookieak funtsezkoak dira Interneten funtzionamendurako; ezin dute erabiltzailearen ekipoa\/gailua hondatu, eta, nabigatzailearen konfigurazioan aktibatuta badaude, www.inika.net-ren funtzionamendu-akatsak identifikatzen eta konpontzen laguntzen digute.<\/p>\n<\/div><div class=\"fusion-clearfix\"><\/div><\/div><\/div><\/div><\/div><div class=\"fusion-fullwidth fullwidth-box fusion-builder-row-3 nonhundred-percent-fullwidth non-hundred-percent-height-scrolling\" style=\"--awb-border-radius-top-left:0px;--awb-border-radius-top-right:0px;--awb-border-radius-bottom-right:0px;--awb-border-radius-bottom-left:0px;--awb-flex-wrap:wrap;\" ><div class=\"fusion-builder-row fusion-row\"><div class=\"fusion-layout-column fusion_builder_column fusion-builder-column-2 fusion_builder_column_1_1 1_1 fusion-one-full fusion-column-first fusion-column-last\" style=\"--awb-bg-size:cover;\"><div class=\"fusion-column-wrapper fusion-flex-column-wrapper-legacy\"><div class=\"fusion-title title fusion-title-3 fusion-title-text fusion-title-size-two\"><h2 class=\"fusion-title-heading title-heading-left\" style=\"margin:0;\">Cookie motak<\/h2><span class=\"awb-title-spacer\"><\/span><div class=\"title-sep-container\"><div class=\"title-sep sep-double sep-solid\" style=\"border-color:#e0dede;\"><\/div><\/div><\/div><div class=\"fusion-text fusion-text-3\"><p>Hainbat cookie mota daude. Denek berdin lan egiten dute, baina alde txikiak dituzte:<\/p>\n<ul>\n<li><strong>Saioko cookieak<\/strong>: Saioko cookie-ak bisitaren iraupenagatik bakarrik irauten dute, eta nabigatzailea ixten duzunean ezabatzen dira. Helburu nagusia da gailu mota identifikatzea, web gunearen segurtasuna edo oinarrizko funtzionaltasuna bermatzea. Ez dute pertsona bat identifikatzeko informazio pertsonalik.<\/li>\n<li><strong>Cookie iraunkorrak edo iraunkorrak<\/strong>: gailuaren disko gogorrean gordetzen dira, eta gure webguneak irakurtzen ditu www.inika.net berriro bisitatzen duzun bakoitzean; iraungitze- edo iraungitze-data jakin bat du, eta, beraz, cookieak funtzionatzeari uzten dio. Zure ekintzak eta lehentasunak identifikatzen laguntzen digu; bisitak aztertzen ditu, eta erabiltzaileak gure orrira nola iristen diren ulertzen eta gure zerbitzuak hobetzen laguntzen digu.<\/li>\n<li><strong>Funtzionaltasun-cookieak<\/strong>: www.inika.net-ri erabiltzaileak hartutako erabakiak gogorarazteko aukera ematen diote, hala nola logina edo identifikatzailea.<br \/>\nCookie hauen informazioa anonimotu egiten da (hau da, ez du zure izena, helbidea edo bestelako daturik).<\/li>\n<li><strong>Hirugarrenen cookieak.<\/strong> Hirugarrenen cookie-ak web gune batek instalatzen dituen cookie-ak dira, ez zu bisitatzen ari zaren hori; adibidez, sare sozialek erabiltzen dituztenak (adibidez, Facebook) edo edukien kanpoko osagarriek erabiltzen dituztenak (adibidez, Google Maps). Gainera, publizitate-enpresa batzuek horrelako artxiboak erabiltzen dituzte zure bisiten jarraipena egiteko, iragartzen diren leku guztietan.<\/li>\n<li><strong>Cookie analitikoak:<\/strong> Aldian behin mantentze-lanak egitea eta erabiltzailearentzako funtzionamendu eta zerbitzu onena bermatzea helburu duten cookieak dira, zure jardueraren datuak bilduz.<\/li>\n<\/ul>\n<\/div><div class=\"fusion-clearfix\"><\/div><\/div><\/div><\/div><\/div><div class=\"fusion-fullwidth fullwidth-box fusion-builder-row-4 nonhundred-percent-fullwidth non-hundred-percent-height-scrolling\" style=\"--awb-border-radius-top-left:0px;--awb-border-radius-top-right:0px;--awb-border-radius-bottom-right:0px;--awb-border-radius-bottom-left:0px;--awb-flex-wrap:wrap;\" ><div class=\"fusion-builder-row fusion-row\"><div class=\"fusion-layout-column fusion_builder_column fusion-builder-column-3 fusion_builder_column_1_1 1_1 fusion-one-full fusion-column-first fusion-column-last\" style=\"--awb-bg-size:cover;\"><div class=\"fusion-column-wrapper fusion-flex-column-wrapper-legacy\"><div class=\"fusion-title title fusion-title-4 fusion-title-text fusion-title-size-two\"><h2 class=\"fusion-title-heading title-heading-left\" style=\"margin:0;\">www.inika.netk cookieak erabiltzea<\/h2><span class=\"awb-title-spacer\"><\/span><div class=\"title-sep-container\"><div class=\"title-sep sep-double sep-solid\" style=\"border-color:#e0dede;\"><\/div><\/div><\/div><div class=\"fusion-text fusion-text-4\"><p>www.inika.net(r)en bidez, berariaz onartzen duzu gailuetan horrelako cookieak erabil ditzakegula. Cookieak desaktibatzen badituzu, baliteke www.inika.net bidezko nabigazioa ezin hobea ez izatea eta dituen utilitate batzuk www.inika.net behar bezala ez ibiltzea<\/p>\n<p style=\"padding-left: 30px;\"><strong>Cookie propioak<\/strong><\/p>\n<p style=\"padding-left: 30px;\">Zu ezagutzeko eta zerbitzu hobea emateko, gure guneak bere cookieak erabiltzen ditu (zure nabigatzaileak gordetzen dituen testu-fitxategi txikiak). Gure cookieak onartzeak dakartzan abantailek denbora aurreztea dakarte. Era berean, hurrengo bisiten artean zu ezagutzeko ere erabil daitezke, eta, hala, erakusten zaizun edukia egokitzeko, zure azken bisitaren datari eta orduari buruzko informazioa lortzeko, gunearen barruko trafiko-parametro batzuk neurtzeko eta egindako bisita-kopurua kalkulatzeko, zerbitzuak eta sustapenak modu eraginkorragoan bideratu eta doitzeko.<\/p>\n<p style=\"padding-left: 30px;\">Cookiek ez dute uzten zure telefono-zenbakiarekin, helbide elektronikoarekin edo beste edozein kontakturekin harremanetan jartzen.<\/p>\n<p style=\"padding-left: 30px;\">Cookiek ezin dute zure disko gogorretik informaziorik atera edo informazio pertsonala lapurtu.<\/p>\n<p style=\"padding-left: 30px;\"><strong>Hirugarrenen cookieak. Google Analytics-en cookieak<\/strong><\/p>\n<p style=\"padding-left: 30px;\">Webguneak Google Analytics zerbitzua erabiltzen du, Google, Inc. erakundeak ematen duena. Erakunde honen bulego nagusia 1600 Amphitheatre Parkway, Mountain View (Kalifornia), CA 94043, Estatu Batuak (&#8220;Google&#8221;) da. Google Analytics-ek cookieak erabiltzen ditu erabiltzaileek webgunearen erabilera aztertzen laguntzeko. Cookieak webgunearen erabilerari buruz sortzen duen informazioa (zure IP helbidea barne) zuzenean transmititu eta artxibatuko du Googlek Estatu Batuetako zerbitzarietan. Googlek gure kabuz erabiliko du informazio hori, gunearen erabileraren arrastoa jarraitzeko, webgunearen jarduerari buruzko txostenak biltzeko eta gunearen jarduerarekin eta Interneten erabilerarekin lotutako beste zerbitzu batzuk emateko. Googlek informazio hori hirugarrenei transmititu ahal izango die legeriak hala eskatzen dienean, edo hirugarren horiek informazioa Googleren kontura prozesatzen dutenean. Googlek ez du zure IP helbidea Googlek duen beste ezein daturekin lotuko.<\/p>\n<p style=\"padding-left: 30px;\">Nahi baduzu, datuen edo informazioaren tratamenduari uko egin diezaiokezu, zure nabigatzailearen konfigurazio egokia hautatuz cookie-ak erabiltzeari uko eginez. Hala ere, egiten baduzu, baliteke gune honen funtzionaltasun osoa ezin erabiltzea. Gune hau erabiltzean, tratamendua onartzen duzu Googleren bidez, goian adierazitako moduan eta helburuetarako.<\/p>\n<p style=\"padding-left: 30px;\">M\u00e1s informaci\u00f3n en <u><a href=\"https:\/\/www.google.es\/intl\/es\/policies\/technologies\/cookies\/\">https:\/\/www.google.es\/intl\/es\/policies\/technologies\/cookies\/<\/a><\/u>.<\/p>\n<\/div><div class=\"fusion-clearfix\"><\/div><\/div><\/div><\/div><\/div><\/p>\n","protected":false},"excerpt":{"rendered":"","protected":false},"author":1,"featured_media":0,"parent":0,"menu_order":0,"comment_status":"closed","ping_status":"closed","template":"","meta":{"footnotes":""},"class_list":["post-752","page","type-page","status-publish","hentry"],"yoast_head":"<!-- This site is optimized with the Yoast SEO plugin v26.5 - https:\/\/yoast.com\/wordpress\/plugins\/seo\/ -->\n<title>Cookie-en politika - Inika - Software de gesti\u00f3n acad\u00e9mica<\/title>\n<meta name=\"robots\" content=\"noindex, follow\" \/>\n<meta property=\"og:locale\" content=\"eu_ES\" \/>\n<meta property=\"og:type\" content=\"article\" \/>\n<meta property=\"og:title\" content=\"Cookie-en politika - Inika - Software de gesti\u00f3n acad\u00e9mica\" \/>\n<meta property=\"og:url\" content=\"https:\/\/inika.net\/eu\/politica-de-cookies\/\" \/>\n<meta property=\"og:site_name\" content=\"Inika - Software de gesti\u00f3n acad\u00e9mica\" \/>\n<meta property=\"article:modified_time\" content=\"2023-12-12T11:43:39+00:00\" \/>\n<meta name=\"twitter:card\" content=\"summary_large_image\" \/>\n<meta name=\"twitter:label1\" content=\"Est. reading time\" \/>\n\t<meta name=\"twitter:data1\" content=\"7 minutes\" \/>\n<script type=\"application\/ld+json\" class=\"yoast-schema-graph\">{\"@context\":\"https:\/\/schema.org\",\"@graph\":[{\"@type\":\"WebPage\",\"@id\":\"https:\/\/inika.net\/eu\/politica-de-cookies\/\",\"url\":\"https:\/\/inika.net\/eu\/politica-de-cookies\/\",\"name\":\"Cookie-en politika - Inika - Software de gesti\u00f3n acad\u00e9mica\",\"isPartOf\":{\"@id\":\"https:\/\/inika.net\/#website\"},\"datePublished\":\"2018-09-27T14:17:23+00:00\",\"dateModified\":\"2023-12-12T11:43:39+00:00\",\"inLanguage\":\"eu-ES\",\"potentialAction\":[{\"@type\":\"ReadAction\",\"target\":[\"https:\/\/inika.net\/eu\/politica-de-cookies\/\"]}]},{\"@type\":\"WebSite\",\"@id\":\"https:\/\/inika.net\/#website\",\"url\":\"https:\/\/inika.net\/\",\"name\":\"Inika - Software de gesti\u00f3n acad\u00e9mica\",\"description\":\"Inika es el software de gesti\u00f3n acad\u00e9mica, una soluci\u00f3n integral para centros de ense\u00f1anza.\",\"potentialAction\":[{\"@type\":\"SearchAction\",\"target\":{\"@type\":\"EntryPoint\",\"urlTemplate\":\"https:\/\/inika.net\/?s={search_term_string}\"},\"query-input\":{\"@type\":\"PropertyValueSpecification\",\"valueRequired\":true,\"valueName\":\"search_term_string\"}}],\"inLanguage\":\"eu-ES\"}]}<\/script>\n<!-- \/ Yoast SEO plugin. -->","yoast_head_json":{"title":"Cookie-en politika - Inika - Software de gesti\u00f3n acad\u00e9mica","robots":{"index":"noindex","follow":"follow"},"og_locale":"eu_ES","og_type":"article","og_title":"Cookie-en politika - Inika - Software de gesti\u00f3n acad\u00e9mica","og_url":"https:\/\/inika.net\/eu\/politica-de-cookies\/","og_site_name":"Inika - Software de gesti\u00f3n acad\u00e9mica","article_modified_time":"2023-12-12T11:43:39+00:00","twitter_card":"summary_large_image","twitter_misc":{"Est. reading time":"7 minutes"},"schema":{"@context":"https:\/\/schema.org","@graph":[{"@type":"WebPage","@id":"https:\/\/inika.net\/eu\/politica-de-cookies\/","url":"https:\/\/inika.net\/eu\/politica-de-cookies\/","name":"Cookie-en politika - Inika - Software de gesti\u00f3n acad\u00e9mica","isPartOf":{"@id":"https:\/\/inika.net\/#website"},"datePublished":"2018-09-27T14:17:23+00:00","dateModified":"2023-12-12T11:43:39+00:00","inLanguage":"eu-ES","potentialAction":[{"@type":"ReadAction","target":["https:\/\/inika.net\/eu\/politica-de-cookies\/"]}]},{"@type":"WebSite","@id":"https:\/\/inika.net\/#website","url":"https:\/\/inika.net\/","name":"Inika - Software de gesti\u00f3n acad\u00e9mica","description":"Inika es el software de gesti\u00f3n acad\u00e9mica, una soluci\u00f3n integral para centros de ense\u00f1anza.","potentialAction":[{"@type":"SearchAction","target":{"@type":"EntryPoint","urlTemplate":"https:\/\/inika.net\/?s={search_term_string}"},"query-input":{"@type":"PropertyValueSpecification","valueRequired":true,"valueName":"search_term_string"}}],"inLanguage":"eu-ES"}]}},"_links":{"self":[{"href":"https:\/\/inika.net\/eu\/wp-json\/wp\/v2\/pages\/752","targetHints":{"allow":["GET"]}}],"collection":[{"href":"https:\/\/inika.net\/eu\/wp-json\/wp\/v2\/pages"}],"about":[{"href":"https:\/\/inika.net\/eu\/wp-json\/wp\/v2\/types\/page"}],"author":[{"embeddable":true,"href":"https:\/\/inika.net\/eu\/wp-json\/wp\/v2\/users\/1"}],"replies":[{"embeddable":true,"href":"https:\/\/inika.net\/eu\/wp-json\/wp\/v2\/comments?post=752"}],"version-history":[{"count":4,"href":"https:\/\/inika.net\/eu\/wp-json\/wp\/v2\/pages\/752\/revisions"}],"predecessor-version":[{"id":6198,"href":"https:\/\/inika.net\/eu\/wp-json\/wp\/v2\/pages\/752\/revisions\/6198"}],"wp:attachment":[{"href":"https:\/\/inika.net\/eu\/wp-json\/wp\/v2\/media?parent=752"}],"curies":[{"name":"wp","href":"https:\/\/api.w.org\/{rel}","templated":true}]}}