{"id":750,"date":"2018-09-27T14:16:52","date_gmt":"2018-09-27T14:16:52","guid":{"rendered":"http:\/\/inika.net\/aviso-legal\/"},"modified":"2023-12-12T11:31:34","modified_gmt":"2023-12-12T11:31:34","slug":"aviso-legal","status":"publish","type":"page","link":"https:\/\/inika.net\/eu\/aviso-legal\/","title":{"rendered":"Abisu legala"},"content":{"rendered":"<p><div class=\"fusion-fullwidth fullwidth-box fusion-builder-row-1 nonhundred-percent-fullwidth non-hundred-percent-height-scrolling\" style=\"--awb-border-radius-top-left:0px;--awb-border-radius-top-right:0px;--awb-border-radius-bottom-right:0px;--awb-border-radius-bottom-left:0px;--awb-padding-top:55px;--awb-flex-wrap:wrap;\" ><div class=\"fusion-builder-row fusion-row\"><div class=\"fusion-layout-column fusion_builder_column fusion-builder-column-0 fusion_builder_column_1_1 1_1 fusion-one-full fusion-column-first fusion-column-last\" style=\"--awb-bg-size:cover;\"><div class=\"fusion-column-wrapper fusion-flex-column-wrapper-legacy\"><div class=\"fusion-title title fusion-title-1 fusion-title-text fusion-title-size-one\"><h1 class=\"fusion-title-heading title-heading-left\" style=\"margin:0;\">Abisu legala<\/h1><span class=\"awb-title-spacer\"><\/span><div class=\"title-sep-container\"><div class=\"title-sep sep-double sep-solid\" style=\"border-color:#e0dede;\"><\/div><\/div><\/div><div class=\"fusion-clearfix\"><\/div><\/div><\/div><div class=\"fusion-layout-column fusion_builder_column fusion-builder-column-1 fusion_builder_column_1_1 1_1 fusion-one-full fusion-column-first fusion-column-last\" style=\"--awb-bg-size:cover;\"><div class=\"fusion-column-wrapper fusion-flex-column-wrapper-legacy\"><div class=\"fusion-title title fusion-title-2 fusion-title-text fusion-title-size-two\"><h2 class=\"fusion-title-heading title-heading-left\" style=\"margin:0;\">Informazio orokorra<\/h2><span class=\"awb-title-spacer\"><\/span><div class=\"title-sep-container\"><div class=\"title-sep sep-double sep-solid\" style=\"border-color:#e0dede;\"><\/div><\/div><\/div><div class=\"fusion-text fusion-text-1\"><p>Las presentes condiciones regulan el uso permitido de este sitio web propiedad de\u00a0UKABI, S.L., con domicilio social en La Salbe N\u00ba 39 bajo, 20730 Azpeitia Guipuzcoa, Espa\u00f1a y C.I.F. n\u00ba B-20379269. Contacto: inika.net. Tel\u00e9fono: 943 15 01 01 que pone a disposici\u00f3n de los usuarios de Internet que la visiten (en lo sucesivo, \u201c<strong>el Usuario<\/strong>\u201d).<\/p>\n<p>El acceso a la P\u00e1gina Web por parte del\u00a0<strong>Usuario<\/strong>\u00a0implica la aceptaci\u00f3n, sin reservas, de las presentes condiciones de uso.<\/p>\n<p>Se pone a disposici\u00f3n del\u00a0<strong>Usuario<\/strong>\u00a0los siguientes medios donde podr\u00e1 dirigir sus peticiones, cuestiones y quejas:<\/p>\n<ul>\n<li>Direcci\u00f3n Postal: La Salbe N\u00ba 39 bajo, 20730 Azpeitia Guipuzcoa.<\/li>\n<li>Direcci\u00f3n electr\u00f3nica: inika.net<\/li>\n<li>Tel\u00e9fono: 943 15 01 01.<\/li>\n<\/ul>\n<\/div><div class=\"fusion-clearfix\"><\/div><\/div><\/div><\/div><\/div><div class=\"fusion-fullwidth fullwidth-box fusion-builder-row-2 nonhundred-percent-fullwidth non-hundred-percent-height-scrolling\" style=\"--awb-border-radius-top-left:0px;--awb-border-radius-top-right:0px;--awb-border-radius-bottom-right:0px;--awb-border-radius-bottom-left:0px;--awb-flex-wrap:wrap;\" ><div class=\"fusion-builder-row fusion-row\"><div class=\"fusion-layout-column fusion_builder_column fusion-builder-column-2 fusion_builder_column_1_1 1_1 fusion-one-full fusion-column-first fusion-column-last\" style=\"--awb-bg-size:cover;\"><div class=\"fusion-column-wrapper fusion-flex-column-wrapper-legacy\"><div class=\"fusion-title title fusion-title-3 fusion-title-text fusion-title-size-two\"><h2 class=\"fusion-title-heading title-heading-left\" style=\"margin:0;\">Edukien erabilera<\/h2><span class=\"awb-title-spacer\"><\/span><div class=\"title-sep-container\"><div class=\"title-sep sep-double sep-solid\" style=\"border-color:#e0dede;\"><\/div><\/div><\/div><div class=\"fusion-text fusion-text-2\"><p>Web-orriaren jabetza intelektualaren eskubideak, haren iturburu-kodea, diseinua, nabigazio-egitura, argazkiak, datu-baseak eta bertan dauden elementuak zerbitzu-emailearen titulartasunekoak dira, eta zerbitzu horri dagokio haiek ustiatzeko eskubideak modu guztietan eta, bereziki, erreproduzitzeko, banatzeko, publikoki komunikatzeko eta eraldatzeko eskubideak.<\/p>\n<p>Zerbitzu-emailea jabetza industrialeko eskubideen titularra da eskaintzen dituen zerbitzuen identifikazio-deiturei dagokienez. Eskubide horiek xedapen-eskubide guztiak ditu, eta debekatuta dago erabiltzea, zerbitzu-emailearen aldez aurreko eta berariazko baimenik gabe.<\/p>\n<p>Web orriaren edukiaren bistaratze, inprimatze eta deskarga partziala baimentzen da, soilik baldintza hauek betetzen badira:<\/p>\n<ul>\n<li>Web orriaren helburuekin bateragarria izatea.<\/li>\n<li>Erabilera pertsonal eta pribaturako dagoen informazioa eskuratzeko asmoz egitea. Beren beregi debeku da merkataritzako helburuekin erabiltzea edo haiek banatzeko, jendaurrean komunikatzeko, eraldatzeko edo deskonpilatzeko.<\/li>\n<li>Web orriko edukiak inola ere ez aldatzea.<\/li>\n<\/ul>\n<p>Zerbitzuaren emaileak beretzat gordetzen du klausula honetan xedatutakoaren aurka doan <u>Erabiltzailearen<\/u> edozein ekintzaren aurka jarduteko eskubidea, baita legeen, moralaren eta ordena publikoaren aurka doan beste edozein jardueraren aurka jarduteko eskubidea ere. Zerbitzuaren Emaileak Web Orrian dagoen informazioa espresuki baimendu ez badu, edo Zerbitzuaren Emailearen Jabetza Intelektual edo Industrialeko eskubideak kaltetu badira, legez ezarritako erantzukizunak sortuko dira.<\/p>\n<\/div><div class=\"fusion-clearfix\"><\/div><\/div><\/div><\/div><\/div><div class=\"fusion-fullwidth fullwidth-box fusion-builder-row-3 nonhundred-percent-fullwidth non-hundred-percent-height-scrolling\" style=\"--awb-border-radius-top-left:0px;--awb-border-radius-top-right:0px;--awb-border-radius-bottom-right:0px;--awb-border-radius-bottom-left:0px;--awb-flex-wrap:wrap;\" ><div class=\"fusion-builder-row fusion-row\"><div class=\"fusion-layout-column fusion_builder_column fusion-builder-column-3 fusion_builder_column_1_1 1_1 fusion-one-full fusion-column-first fusion-column-last\" style=\"--awb-bg-size:cover;\"><div class=\"fusion-column-wrapper fusion-flex-column-wrapper-legacy\"><div class=\"fusion-title title fusion-title-4 fusion-title-text fusion-title-size-two\"><h2 class=\"fusion-title-heading title-heading-left\" style=\"margin:0;\">Aldaketak<\/h2><span class=\"awb-title-spacer\"><\/span><div class=\"title-sep-container\"><div class=\"title-sep sep-double sep-solid\" style=\"border-color:#e0dede;\"><\/div><\/div><\/div><div class=\"fusion-text fusion-text-3\"><p>Zerbitzu-emaileak ahalmena du, edozein unetan eta aldez aurretik jakinarazi gabe, web orriko informazioa, haren konfigurazioa eta aurkezpena eta erabiltzeko baldintza hauek aldatu eta eguneratzeko.<\/p>\n<\/div><div class=\"fusion-clearfix\"><\/div><\/div><\/div><\/div><\/div><div class=\"fusion-fullwidth fullwidth-box fusion-builder-row-4 nonhundred-percent-fullwidth non-hundred-percent-height-scrolling\" style=\"--awb-border-radius-top-left:0px;--awb-border-radius-top-right:0px;--awb-border-radius-bottom-right:0px;--awb-border-radius-bottom-left:0px;--awb-flex-wrap:wrap;\" ><div class=\"fusion-builder-row fusion-row\"><div class=\"fusion-layout-column fusion_builder_column fusion-builder-column-4 fusion_builder_column_1_1 1_1 fusion-one-full fusion-column-first fusion-column-last\" style=\"--awb-bg-size:cover;\"><div class=\"fusion-column-wrapper fusion-flex-column-wrapper-legacy\"><div class=\"fusion-title title fusion-title-5 fusion-title-text fusion-title-size-two\"><h2 class=\"fusion-title-heading title-heading-left\" style=\"margin:0;\">Erantzukizun gugatua<\/h2><span class=\"awb-title-spacer\"><\/span><div class=\"title-sep-container\"><div class=\"title-sep sep-double sep-solid\" style=\"border-color:#e0dede;\"><\/div><\/div><\/div><div class=\"fusion-text fusion-text-4\"><p>Zerbitzu-emaileak ez du bermatzen web orrirako edo haren edukirako sarbidean etenik edo akatsik ez dagoenik, ez eta web-orria eguneratuta dagoenik ere. Zerbitzu-emaileak akatsak konpontzeko, komunikazioa berrezartzeko eta edukiak eguneratzeko lanak egingo ditu, baldin eta ezinezkoa edo zaila egiten duen arrazoirik ez badago, eta akatsen, deskonexioen edo edukiak ez eguneratzearen berri izan bezain laster.<\/p>\n<p>Bai web orrian sartzeko, bai bertan dagoen informazioa baimenik gabe erabiltzeko, haren ardura da soilik. Zerbitzu emailea ez da sarbide edo erabilera horren ondorioz sor daitezkeen kalteen erantzule izanen. Zerbitzua ematen duenak ez du bere gain hartuko sor daitezkeen segurtasun-akatsen erantzukizunik, ez eta <u>erabiltzailearen<\/u> sistema informatikoari (hardwarea eta softwarea) edo bertan biltegiratutako fitxategi edo dokumentuei eragin dakizkiekeen kalteen erantzukizunik ere, baldin eta:<\/p>\n<ul>\n<li><strong>Erabiltzailearen<\/strong> ordenagailuan birus bat egotea, web orriko zerbitzu eta edukietara konektatzeko erabiltzen dena.<\/li>\n<li>Nabigatzailearen funtzionamendu txarra, edo eguneratu gabeko bertsioak erabiltzea.<\/li>\n<\/ul>\n<p>Zerbitzu-emaileak ez du bere gain hartzen web-orritik lotutako edukien ondoriozko erantzukizunik, baldin eta web orritik kanpokoak badira, eta ez du bermatzen sistema informatikoan (hardwarea eta softwarea), dokumentuetan edo fitxategietan aldaketak eragin ditzaketen birusik edo bestelako elementurik ez dagoenik. <u>Erabiltzailea<\/u>, arrazoi horrengatik <u>Erabiltzaileari<\/u> edozein motatako kalteengatiko edozein erantzukizun kenduta.<\/p>\n<p>Baldin eta <u>Erabiltzailea<\/u>estekatutako orrialdeen edukia edo zerbitzuak legez kontrakoak direla edo bezero baten edo kalte-ordaina jaso dezakeen hirugarren baten berezko ondasun edo eskubideak kaltetzen dituztela uste badu, zerbitzu-emaileari jakinaraziko dio, bereziki, eduki horiek honako hauek badira:<\/p>\n<ul>\n<li>Espainiako Zigor Araudiak delitutzat har ditzakeen jarduera edo edukiak.<\/li>\n<li>Jabetza intelektual edo industrialeko eskubideak urratzen dituzten jarduera edo edukiak.<\/li>\n<li>Ordena publikoa, ikerketa penala, segurtasun publikoa eta defentsa nazionala arriskuan jartzen dituzten jarduera edo edukiak.<\/li>\n<li>Osasun publikoaren babesa, pertsonaren duintasunarekiko errespetua eta bereizkeriarik ezaren printzipioa, eta osasunaren eta haurren babesa arriskuan jartzen dituzten jarduera edo edukiak.<\/li>\n<\/ul>\n<p>Hirugarrenek Web Orrira egiten duten esteka oro zerbitzu-emaileak eskatu eta baimendu beharko du aldez aurretik, eta, betiere, bere orri nagusian egingo da. Espresuki debekatuta daude \u00ablotura sakonak\u00bb, \u00abframinga\u00bb eta web orriko edukien beste edozein aprobetxamendu, baimendu gabeko hirugarrenen alde.<\/p>\n<\/div><div class=\"fusion-clearfix\"><\/div><\/div><\/div><\/div><\/div><div class=\"fusion-fullwidth fullwidth-box fusion-builder-row-5 nonhundred-percent-fullwidth non-hundred-percent-height-scrolling\" style=\"--awb-border-radius-top-left:0px;--awb-border-radius-top-right:0px;--awb-border-radius-bottom-right:0px;--awb-border-radius-bottom-left:0px;--awb-flex-wrap:wrap;\" ><div class=\"fusion-builder-row fusion-row\"><div class=\"fusion-layout-column fusion_builder_column fusion-builder-column-5 fusion_builder_column_1_1 1_1 fusion-one-full fusion-column-first fusion-column-last\" style=\"--awb-bg-size:cover;\"><div class=\"fusion-column-wrapper fusion-flex-column-wrapper-legacy\"><div class=\"fusion-title title fusion-title-6 fusion-title-text fusion-title-size-two\"><h2 class=\"fusion-title-heading title-heading-left\" style=\"margin:0;\">Jurisdikzio eskuduna eta legeria aplikagarria<\/h2><span class=\"awb-title-spacer\"><\/span><div class=\"title-sep-container\"><div class=\"title-sep sep-double sep-solid\" style=\"border-color:#e0dede;\"><\/div><\/div><\/div><div class=\"fusion-text fusion-text-5\"><p>Erabilera baldintza hauek Espainiako legeriak arautzen ditu. Horien ondorioz sor daitekeen edozein eztabaida edo gatazka ebazteko, zerbitzu-emaileak kontsumitzaile eta erabiltzaileei buruzko legeria aplikagarrian ezarritako eskumenak zehazteko irizpideak bete beharko ditu.<\/p>\n<\/div><div class=\"fusion-clearfix\"><\/div><\/div><\/div><\/div><\/div><\/p>\n","protected":false},"excerpt":{"rendered":"","protected":false},"author":1,"featured_media":0,"parent":0,"menu_order":0,"comment_status":"closed","ping_status":"closed","template":"","meta":{"footnotes":""},"class_list":["post-750","page","type-page","status-publish","hentry"],"yoast_head":"<!-- This site is optimized with the Yoast SEO plugin v26.5 - https:\/\/yoast.com\/wordpress\/plugins\/seo\/ -->\n<title>Abisu legala - Inika - Software de gesti\u00f3n acad\u00e9mica<\/title>\n<meta name=\"robots\" content=\"noindex, follow\" \/>\n<meta property=\"og:locale\" content=\"eu_ES\" \/>\n<meta property=\"og:type\" content=\"article\" \/>\n<meta property=\"og:title\" content=\"Abisu legala - Inika - Software de gesti\u00f3n acad\u00e9mica\" \/>\n<meta property=\"og:url\" content=\"https:\/\/inika.net\/eu\/aviso-legal\/\" \/>\n<meta property=\"og:site_name\" content=\"Inika - Software de gesti\u00f3n acad\u00e9mica\" \/>\n<meta property=\"article:modified_time\" content=\"2023-12-12T11:31:34+00:00\" \/>\n<meta name=\"twitter:card\" content=\"summary_large_image\" \/>\n<meta name=\"twitter:label1\" content=\"Est. reading time\" \/>\n\t<meta name=\"twitter:data1\" content=\"9 minutes\" \/>\n<script type=\"application\/ld+json\" class=\"yoast-schema-graph\">{\"@context\":\"https:\/\/schema.org\",\"@graph\":[{\"@type\":\"WebPage\",\"@id\":\"https:\/\/inika.net\/eu\/aviso-legal\/\",\"url\":\"https:\/\/inika.net\/eu\/aviso-legal\/\",\"name\":\"Abisu legala - Inika - Software de gesti\u00f3n acad\u00e9mica\",\"isPartOf\":{\"@id\":\"https:\/\/inika.net\/#website\"},\"datePublished\":\"2018-09-27T14:16:52+00:00\",\"dateModified\":\"2023-12-12T11:31:34+00:00\",\"inLanguage\":\"eu-ES\",\"potentialAction\":[{\"@type\":\"ReadAction\",\"target\":[\"https:\/\/inika.net\/eu\/aviso-legal\/\"]}]},{\"@type\":\"WebSite\",\"@id\":\"https:\/\/inika.net\/#website\",\"url\":\"https:\/\/inika.net\/\",\"name\":\"Inika - Software de gesti\u00f3n acad\u00e9mica\",\"description\":\"Inika es el software de gesti\u00f3n acad\u00e9mica, una soluci\u00f3n integral para centros de ense\u00f1anza.\",\"potentialAction\":[{\"@type\":\"SearchAction\",\"target\":{\"@type\":\"EntryPoint\",\"urlTemplate\":\"https:\/\/inika.net\/?s={search_term_string}\"},\"query-input\":{\"@type\":\"PropertyValueSpecification\",\"valueRequired\":true,\"valueName\":\"search_term_string\"}}],\"inLanguage\":\"eu-ES\"}]}<\/script>\n<!-- \/ Yoast SEO plugin. -->","yoast_head_json":{"title":"Abisu legala - Inika - Software de gesti\u00f3n acad\u00e9mica","robots":{"index":"noindex","follow":"follow"},"og_locale":"eu_ES","og_type":"article","og_title":"Abisu legala - Inika - Software de gesti\u00f3n acad\u00e9mica","og_url":"https:\/\/inika.net\/eu\/aviso-legal\/","og_site_name":"Inika - Software de gesti\u00f3n acad\u00e9mica","article_modified_time":"2023-12-12T11:31:34+00:00","twitter_card":"summary_large_image","twitter_misc":{"Est. reading time":"9 minutes"},"schema":{"@context":"https:\/\/schema.org","@graph":[{"@type":"WebPage","@id":"https:\/\/inika.net\/eu\/aviso-legal\/","url":"https:\/\/inika.net\/eu\/aviso-legal\/","name":"Abisu legala - Inika - Software de gesti\u00f3n acad\u00e9mica","isPartOf":{"@id":"https:\/\/inika.net\/#website"},"datePublished":"2018-09-27T14:16:52+00:00","dateModified":"2023-12-12T11:31:34+00:00","inLanguage":"eu-ES","potentialAction":[{"@type":"ReadAction","target":["https:\/\/inika.net\/eu\/aviso-legal\/"]}]},{"@type":"WebSite","@id":"https:\/\/inika.net\/#website","url":"https:\/\/inika.net\/","name":"Inika - Software de gesti\u00f3n acad\u00e9mica","description":"Inika es el software de gesti\u00f3n acad\u00e9mica, una soluci\u00f3n integral para centros de ense\u00f1anza.","potentialAction":[{"@type":"SearchAction","target":{"@type":"EntryPoint","urlTemplate":"https:\/\/inika.net\/?s={search_term_string}"},"query-input":{"@type":"PropertyValueSpecification","valueRequired":true,"valueName":"search_term_string"}}],"inLanguage":"eu-ES"}]}},"_links":{"self":[{"href":"https:\/\/inika.net\/eu\/wp-json\/wp\/v2\/pages\/750","targetHints":{"allow":["GET"]}}],"collection":[{"href":"https:\/\/inika.net\/eu\/wp-json\/wp\/v2\/pages"}],"about":[{"href":"https:\/\/inika.net\/eu\/wp-json\/wp\/v2\/types\/page"}],"author":[{"embeddable":true,"href":"https:\/\/inika.net\/eu\/wp-json\/wp\/v2\/users\/1"}],"replies":[{"embeddable":true,"href":"https:\/\/inika.net\/eu\/wp-json\/wp\/v2\/comments?post=750"}],"version-history":[{"count":4,"href":"https:\/\/inika.net\/eu\/wp-json\/wp\/v2\/pages\/750\/revisions"}],"predecessor-version":[{"id":6195,"href":"https:\/\/inika.net\/eu\/wp-json\/wp\/v2\/pages\/750\/revisions\/6195"}],"wp:attachment":[{"href":"https:\/\/inika.net\/eu\/wp-json\/wp\/v2\/media?parent=750"}],"curies":[{"name":"wp","href":"https:\/\/api.w.org\/{rel}","templated":true}]}}