{"id":663,"date":"2018-07-20T08:30:20","date_gmt":"2018-07-20T08:30:20","guid":{"rendered":"http:\/\/inika.net\/zerbitzuak\/"},"modified":"2020-04-02T15:26:59","modified_gmt":"2020-04-02T15:26:59","slug":"zerbitzuak","status":"publish","type":"page","link":"https:\/\/inika.net\/eu\/ikastetxeak\/zerbitzuak\/","title":{"rendered":"Zerbitzuak"},"content":{"rendered":"<div class=\"fusion-fullwidth fullwidth-box fusion-builder-row-1 nonhundred-percent-fullwidth non-hundred-percent-height-scrolling\" style=\"--awb-border-radius-top-left:0px;--awb-border-radius-top-right:0px;--awb-border-radius-bottom-right:0px;--awb-border-radius-bottom-left:0px;--awb-padding-top:55px;--awb-padding-bottom:40px;--awb-flex-wrap:wrap;\" ><div class=\"fusion-builder-row fusion-row\"><div class=\"fusion-layout-column fusion_builder_column fusion-builder-column-0 fusion_builder_column_1_4 1_4 fusion-one-fourth fusion-column-first\" style=\"--awb-bg-size:cover;width:25%;width:calc(25% - ( ( 4% + 4% + 4% ) * 0.25 ) );margin-right: 4%;\"><div class=\"fusion-column-wrapper fusion-flex-column-wrapper-legacy\"><div class=\"fusion-title title fusion-title-1 fusion-sep-none fusion-title-center fusion-title-text fusion-title-size-two titulohome\"><h2 class=\"fusion-title-heading title-heading-center\" style=\"margin:0;\">Implantaci\u00f3n<\/h2><\/div><div class=\"fusion-sep-clear\"><\/div><div class=\"fusion-separator\" style=\"margin-left: auto;margin-right: auto;margin-bottom:30px;width:100%;max-width:100px;\"><div class=\"fusion-separator-border sep-single sep-solid\" style=\"--awb-height:20px;--awb-amount:20px;--awb-sep-color:#f47920;border-color:#f47920;border-top-width:2px;\"><\/div><\/div><div class=\"fusion-sep-clear\"><\/div><div class=\"fusion-image-element fusion-image-align-center in-legacy-container\" style=\"text-align:center;--awb-caption-title-font-family:var(--h2_typography-font-family);--awb-caption-title-font-weight:var(--h2_typography-font-weight);--awb-caption-title-font-style:var(--h2_typography-font-style);--awb-caption-title-size:var(--h2_typography-font-size);--awb-caption-title-transform:var(--h2_typography-text-transform);--awb-caption-title-line-height:var(--h2_typography-line-height);--awb-caption-title-letter-spacing:var(--h2_typography-letter-spacing);\"><div class=\"imageframe-align-center\"><span class=\" fusion-imageframe imageframe-none imageframe-1 hover-type-none\"><img decoding=\"async\" width=\"590\" height=\"393\" alt=\"Inika-Servicios-Implantacion\" title=\"Inika-Servicios-Implantacion\" src=\"https:\/\/inika.net\/wp-content\/uploads\/2019\/09\/Inika-Servicios-Implantacion.jpg\" class=\"img-responsive wp-image-3258\" srcset=\"https:\/\/inika.net\/wp-content\/uploads\/2019\/09\/Inika-Servicios-Implantacion-200x133.jpg 200w, https:\/\/inika.net\/wp-content\/uploads\/2019\/09\/Inika-Servicios-Implantacion-400x266.jpg 400w, https:\/\/inika.net\/wp-content\/uploads\/2019\/09\/Inika-Servicios-Implantacion.jpg 590w\" sizes=\"(max-width: 800px) 100vw, 400px\" \/><\/span><\/div><\/div><div class=\"fusion-sep-clear\"><\/div><div class=\"fusion-separator fusion-full-width-sep\" style=\"margin-left: auto;margin-right: auto;margin-top:20px;margin-bottom:20px;width:100%;\"><\/div><div class=\"fusion-sep-clear\"><\/div><div class=\"fusion-text fusion-text-1\"><ul>\n<li><strong>Consultor\u00eda:<\/strong> Nuestra consultor\u00eda le ayudar\u00e1 a usar INIKA de la manera m\u00e1s adecuada y eficaz para conseguir sus objetivos.<\/li>\n<li><strong>Acompa\u00f1amiento inicial:<\/strong> Ofrecemos un verdadero acompa\u00f1amiento con un seguimiento espec\u00edfico e intensivo a lo largo del primer a\u00f1o y apoyo preferente en las fases cr\u00edticas del curso escolar.<\/li>\n<li><strong>Implementaci\u00f3n progresiva:<\/strong>\u00a0 Aplicamos un plan predefinido para la implementaci\u00f3n progresiva y gradual de la plataforma por etapas.<\/li>\n<li>Nuestra implantaci\u00f3n comienza con la <strong>migraci\u00f3n de datos<\/strong> antiguos a nuestra plataforma. Un punto cr\u00edtico en el proceso en el que acumulamos una gran experiencia.<\/li>\n<\/ul>\n<\/div><div class=\"fusion-clearfix\"><\/div><\/div><\/div><div class=\"fusion-layout-column fusion_builder_column fusion-builder-column-1 fusion_builder_column_1_4 1_4 fusion-one-fourth\" style=\"--awb-bg-size:cover;width:25%;width:calc(25% - ( ( 4% + 4% + 4% ) * 0.25 ) );margin-right: 4%;\"><div class=\"fusion-column-wrapper fusion-flex-column-wrapper-legacy\"><div class=\"fusion-title title fusion-title-2 fusion-sep-none fusion-title-center fusion-title-text fusion-title-size-two titulohome\"><h2 class=\"fusion-title-heading title-heading-center\" style=\"margin:0;\">Formaci\u00f3n<\/h2><\/div><div class=\"fusion-sep-clear\"><\/div><div class=\"fusion-separator\" style=\"margin-left: auto;margin-right: auto;margin-bottom:30px;width:100%;max-width:100px;\"><div class=\"fusion-separator-border sep-single sep-solid\" style=\"--awb-height:20px;--awb-amount:20px;--awb-sep-color:#f47920;border-color:#f47920;border-top-width:2px;\"><\/div><\/div><div class=\"fusion-sep-clear\"><\/div><div class=\"fusion-image-element fusion-image-align-center in-legacy-container\" style=\"text-align:center;--awb-caption-title-font-family:var(--h2_typography-font-family);--awb-caption-title-font-weight:var(--h2_typography-font-weight);--awb-caption-title-font-style:var(--h2_typography-font-style);--awb-caption-title-size:var(--h2_typography-font-size);--awb-caption-title-transform:var(--h2_typography-text-transform);--awb-caption-title-line-height:var(--h2_typography-line-height);--awb-caption-title-letter-spacing:var(--h2_typography-letter-spacing);\"><div class=\"imageframe-align-center\"><span class=\" fusion-imageframe imageframe-none imageframe-2 hover-type-none\"><img decoding=\"async\" width=\"1080\" height=\"720\" title=\"DSC04942\" src=\"https:\/\/inika.net\/wp-content\/uploads\/2019\/05\/DSC04942-2.jpg\" alt class=\"img-responsive wp-image-3022\" srcset=\"https:\/\/inika.net\/wp-content\/uploads\/2019\/05\/DSC04942-2-200x133.jpg 200w, https:\/\/inika.net\/wp-content\/uploads\/2019\/05\/DSC04942-2-400x267.jpg 400w, https:\/\/inika.net\/wp-content\/uploads\/2019\/05\/DSC04942-2-600x400.jpg 600w, https:\/\/inika.net\/wp-content\/uploads\/2019\/05\/DSC04942-2-800x533.jpg 800w, https:\/\/inika.net\/wp-content\/uploads\/2019\/05\/DSC04942-2.jpg 1080w\" sizes=\"(max-width: 800px) 100vw, 400px\" \/><\/span><\/div><\/div><div class=\"fusion-sep-clear\"><\/div><div class=\"fusion-separator fusion-full-width-sep\" style=\"margin-left: auto;margin-right: auto;margin-top:20px;margin-bottom:20px;width:100%;\"><\/div><div class=\"fusion-sep-clear\"><\/div><div class=\"fusion-text fusion-text-2\"><ul>\n<li><strong>Damos formaci\u00f3n presencial y online <\/strong><\/li>\n<li>Formaci\u00f3n de nivel inicial como de profundizaci\u00f3n.<\/li>\n<li>Impartimos cursos formativos tanto para los docentes de los centros por perfiles, los administrativos, el personal de servicios, como a los tutores-familiares del alumnado sobre materias y \u00e1reas de inika.<\/li>\n<li>Nuestro desarrollo tecnol\u00f3gico va en paralelo al desarrollo profesional de los centros y a sus actualizaciones pedag\u00f3gicas y did\u00e1cticas.<\/li>\n<li>Formaciones segmentadas por perfiles y cargos del centro.<\/li>\n<li>Videotutoriales organizados por temas y categor\u00edas ademas de manuales de usuario.<\/li>\n<\/ul>\n<\/div><div class=\"fusion-clearfix\"><\/div><\/div><\/div><div class=\"fusion-layout-column fusion_builder_column fusion-builder-column-2 fusion_builder_column_1_4 1_4 fusion-one-fourth\" style=\"--awb-bg-size:cover;width:25%;width:calc(25% - ( ( 4% + 4% + 4% ) * 0.25 ) );margin-right: 4%;\"><div class=\"fusion-column-wrapper fusion-flex-column-wrapper-legacy\"><div class=\"fusion-title title fusion-title-3 fusion-sep-none fusion-title-center fusion-title-text fusion-title-size-two titulohome\"><h2 class=\"fusion-title-heading title-heading-center\" style=\"margin:0;\">Seguimiento<\/h2><\/div><div class=\"fusion-sep-clear\"><\/div><div class=\"fusion-separator\" style=\"margin-left: auto;margin-right: auto;margin-bottom:30px;width:100%;max-width:100px;\"><div class=\"fusion-separator-border sep-single sep-solid\" style=\"--awb-height:20px;--awb-amount:20px;--awb-sep-color:#f47920;border-color:#f47920;border-top-width:2px;\"><\/div><\/div><div class=\"fusion-sep-clear\"><\/div><div class=\"fusion-image-element fusion-image-align-center in-legacy-container\" style=\"text-align:center;--awb-caption-title-font-family:var(--h2_typography-font-family);--awb-caption-title-font-weight:var(--h2_typography-font-weight);--awb-caption-title-font-style:var(--h2_typography-font-style);--awb-caption-title-size:var(--h2_typography-font-size);--awb-caption-title-transform:var(--h2_typography-text-transform);--awb-caption-title-line-height:var(--h2_typography-line-height);--awb-caption-title-letter-spacing:var(--h2_typography-letter-spacing);\"><div class=\"imageframe-align-center\"><span class=\" fusion-imageframe imageframe-none imageframe-3 hover-type-none\"><img decoding=\"async\" width=\"590\" height=\"394\" title=\"Seguimiento\" src=\"https:\/\/inika.net\/wp-content\/uploads\/2019\/10\/Seguimiento.jpg\" alt class=\"img-responsive wp-image-3714\" srcset=\"https:\/\/inika.net\/wp-content\/uploads\/2019\/10\/Seguimiento-200x134.jpg 200w, https:\/\/inika.net\/wp-content\/uploads\/2019\/10\/Seguimiento-400x267.jpg 400w, https:\/\/inika.net\/wp-content\/uploads\/2019\/10\/Seguimiento.jpg 590w\" sizes=\"(max-width: 800px) 100vw, 400px\" \/><\/span><\/div><\/div><div class=\"fusion-sep-clear\"><\/div><div class=\"fusion-separator fusion-full-width-sep\" style=\"margin-left: auto;margin-right: auto;margin-top:20px;margin-bottom:20px;width:100%;\"><\/div><div class=\"fusion-sep-clear\"><\/div><div class=\"fusion-text fusion-text-3\"><ul>\n<li><strong>Nuestro equipo te acompa\u00f1a en todo el proceso de implantaci\u00f3n y en toda tu vida como usuario<\/strong><\/li>\n<li>Detectando tus necesidades y d\u00e1ndote m\u00faltiples opciones, tanto de asesoramiento como de formaci\u00f3n.<\/li>\n<li>Un servicio excelente, cercano a las personas con soporte telef\u00f3nico, telem\u00e1tico y remoto.<\/li>\n<\/ul>\n<\/div><div class=\"fusion-clearfix\"><\/div><\/div><\/div><div class=\"fusion-layout-column fusion_builder_column fusion-builder-column-3 fusion_builder_column_1_4 1_4 fusion-one-fourth fusion-column-last\" style=\"--awb-bg-size:cover;width:25%;width:calc(25% - ( ( 4% + 4% + 4% ) * 0.25 ) );\"><div class=\"fusion-column-wrapper fusion-flex-column-wrapper-legacy\"><div class=\"fusion-title title fusion-title-4 fusion-sep-none fusion-title-center fusion-title-text fusion-title-size-two titulohome\"><h2 class=\"fusion-title-heading title-heading-center\" style=\"margin:0;\">Webinars<\/h2><\/div><div class=\"fusion-sep-clear\"><\/div><div class=\"fusion-separator\" style=\"margin-left: auto;margin-right: auto;margin-bottom:30px;width:100%;max-width:100px;\"><div class=\"fusion-separator-border sep-single sep-solid\" style=\"--awb-height:20px;--awb-amount:20px;--awb-sep-color:#f47920;border-color:#f47920;border-top-width:2px;\"><\/div><\/div><div class=\"fusion-sep-clear\"><\/div><div class=\"fusion-image-element fusion-image-align-center in-legacy-container\" style=\"text-align:center;--awb-caption-title-font-family:var(--h2_typography-font-family);--awb-caption-title-font-weight:var(--h2_typography-font-weight);--awb-caption-title-font-style:var(--h2_typography-font-style);--awb-caption-title-size:var(--h2_typography-font-size);--awb-caption-title-transform:var(--h2_typography-text-transform);--awb-caption-title-line-height:var(--h2_typography-line-height);--awb-caption-title-letter-spacing:var(--h2_typography-letter-spacing);\"><div class=\"imageframe-align-center\"><span class=\" fusion-imageframe imageframe-none imageframe-4 hover-type-none\"><img decoding=\"async\" width=\"590\" height=\"393\" title=\"Webinar\" src=\"https:\/\/inika.net\/wp-content\/uploads\/2019\/10\/Webinar.jpg\" alt class=\"img-responsive wp-image-3709\" srcset=\"https:\/\/inika.net\/wp-content\/uploads\/2019\/10\/Webinar-200x133.jpg 200w, https:\/\/inika.net\/wp-content\/uploads\/2019\/10\/Webinar-400x266.jpg 400w, https:\/\/inika.net\/wp-content\/uploads\/2019\/10\/Webinar.jpg 590w\" sizes=\"(max-width: 800px) 100vw, 400px\" \/><\/span><\/div><\/div><div class=\"fusion-sep-clear\"><\/div><div class=\"fusion-separator fusion-full-width-sep\" style=\"margin-left: auto;margin-right: auto;margin-top:20px;margin-bottom:20px;width:100%;\"><\/div><div class=\"fusion-sep-clear\"><\/div><div class=\"fusion-text fusion-text-4\"><ul>\n<li>Son <strong>sesiones monogr\u00e1ficas de formaci\u00f3n remota<\/strong> dirigidas por un especialista.<\/li>\n<li>Publicamos el calendario de webinars y el personal del centro podr\u00e1 incorporarse tras confirmar la asistencia.<\/li>\n<li>Estas webinars quedan grabadas para posteriormente difundirlas entre los centros.<\/li>\n<\/ul>\n<\/div><div class=\"fusion-clearfix\"><\/div><\/div><\/div><\/div><\/div>\n","protected":false},"excerpt":{"rendered":"","protected":false},"author":1,"featured_media":0,"parent":635,"menu_order":0,"comment_status":"closed","ping_status":"closed","template":"","meta":{"footnotes":""},"class_list":["post-663","page","type-page","status-publish","hentry"],"yoast_head":"<!-- This site is optimized with the Yoast SEO plugin v26.5 - https:\/\/yoast.com\/wordpress\/plugins\/seo\/ -->\n<title>Zerbitzuak - Inika - Software de gesti\u00f3n acad\u00e9mica<\/title>\n<meta name=\"robots\" content=\"index, follow, max-snippet:-1, max-image-preview:large, max-video-preview:-1\" \/>\n<link rel=\"canonical\" href=\"https:\/\/inika.net\/eu\/zerbitzuak\/\" \/>\n<meta property=\"og:locale\" content=\"eu_ES\" \/>\n<meta property=\"og:type\" content=\"article\" \/>\n<meta property=\"og:title\" content=\"Zerbitzuak - Inika - Software de gesti\u00f3n acad\u00e9mica\" \/>\n<meta property=\"og:url\" content=\"https:\/\/inika.net\/eu\/zerbitzuak\/\" \/>\n<meta property=\"og:site_name\" content=\"Inika - Software de gesti\u00f3n acad\u00e9mica\" \/>\n<meta property=\"article:modified_time\" content=\"2020-04-02T15:26:59+00:00\" \/>\n<meta name=\"twitter:card\" content=\"summary_large_image\" \/>\n<meta name=\"twitter:label1\" content=\"Est. reading time\" \/>\n\t<meta name=\"twitter:data1\" content=\"7 minutes\" \/>\n<script type=\"application\/ld+json\" class=\"yoast-schema-graph\">{\"@context\":\"https:\/\/schema.org\",\"@graph\":[{\"@type\":\"WebPage\",\"@id\":\"https:\/\/inika.net\/eu\/zerbitzuak\/\",\"url\":\"https:\/\/inika.net\/eu\/zerbitzuak\/\",\"name\":\"Zerbitzuak - Inika - Software de gesti\u00f3n acad\u00e9mica\",\"isPartOf\":{\"@id\":\"https:\/\/inika.net\/#website\"},\"datePublished\":\"2018-07-20T08:30:20+00:00\",\"dateModified\":\"2020-04-02T15:26:59+00:00\",\"inLanguage\":\"eu-ES\",\"potentialAction\":[{\"@type\":\"ReadAction\",\"target\":[\"https:\/\/inika.net\/eu\/zerbitzuak\/\"]}]},{\"@type\":\"WebSite\",\"@id\":\"https:\/\/inika.net\/#website\",\"url\":\"https:\/\/inika.net\/\",\"name\":\"Inika - Software de gesti\u00f3n acad\u00e9mica\",\"description\":\"Inika es el software de gesti\u00f3n acad\u00e9mica, una soluci\u00f3n integral para centros de ense\u00f1anza.\",\"potentialAction\":[{\"@type\":\"SearchAction\",\"target\":{\"@type\":\"EntryPoint\",\"urlTemplate\":\"https:\/\/inika.net\/?s={search_term_string}\"},\"query-input\":{\"@type\":\"PropertyValueSpecification\",\"valueRequired\":true,\"valueName\":\"search_term_string\"}}],\"inLanguage\":\"eu-ES\"}]}<\/script>\n<!-- \/ Yoast SEO plugin. -->","yoast_head_json":{"title":"Zerbitzuak - Inika - Software de gesti\u00f3n acad\u00e9mica","robots":{"index":"index","follow":"follow","max-snippet":"max-snippet:-1","max-image-preview":"max-image-preview:large","max-video-preview":"max-video-preview:-1"},"canonical":"https:\/\/inika.net\/eu\/zerbitzuak\/","og_locale":"eu_ES","og_type":"article","og_title":"Zerbitzuak - Inika - Software de gesti\u00f3n acad\u00e9mica","og_url":"https:\/\/inika.net\/eu\/zerbitzuak\/","og_site_name":"Inika - Software de gesti\u00f3n acad\u00e9mica","article_modified_time":"2020-04-02T15:26:59+00:00","twitter_card":"summary_large_image","twitter_misc":{"Est. reading time":"7 minutes"},"schema":{"@context":"https:\/\/schema.org","@graph":[{"@type":"WebPage","@id":"https:\/\/inika.net\/eu\/zerbitzuak\/","url":"https:\/\/inika.net\/eu\/zerbitzuak\/","name":"Zerbitzuak - Inika - Software de gesti\u00f3n acad\u00e9mica","isPartOf":{"@id":"https:\/\/inika.net\/#website"},"datePublished":"2018-07-20T08:30:20+00:00","dateModified":"2020-04-02T15:26:59+00:00","inLanguage":"eu-ES","potentialAction":[{"@type":"ReadAction","target":["https:\/\/inika.net\/eu\/zerbitzuak\/"]}]},{"@type":"WebSite","@id":"https:\/\/inika.net\/#website","url":"https:\/\/inika.net\/","name":"Inika - Software de gesti\u00f3n acad\u00e9mica","description":"Inika es el software de gesti\u00f3n acad\u00e9mica, una soluci\u00f3n integral para centros de ense\u00f1anza.","potentialAction":[{"@type":"SearchAction","target":{"@type":"EntryPoint","urlTemplate":"https:\/\/inika.net\/?s={search_term_string}"},"query-input":{"@type":"PropertyValueSpecification","valueRequired":true,"valueName":"search_term_string"}}],"inLanguage":"eu-ES"}]}},"_links":{"self":[{"href":"https:\/\/inika.net\/eu\/wp-json\/wp\/v2\/pages\/663","targetHints":{"allow":["GET"]}}],"collection":[{"href":"https:\/\/inika.net\/eu\/wp-json\/wp\/v2\/pages"}],"about":[{"href":"https:\/\/inika.net\/eu\/wp-json\/wp\/v2\/types\/page"}],"author":[{"embeddable":true,"href":"https:\/\/inika.net\/eu\/wp-json\/wp\/v2\/users\/1"}],"replies":[{"embeddable":true,"href":"https:\/\/inika.net\/eu\/wp-json\/wp\/v2\/comments?post=663"}],"version-history":[{"count":15,"href":"https:\/\/inika.net\/eu\/wp-json\/wp\/v2\/pages\/663\/revisions"}],"predecessor-version":[{"id":4006,"href":"https:\/\/inika.net\/eu\/wp-json\/wp\/v2\/pages\/663\/revisions\/4006"}],"up":[{"embeddable":true,"href":"https:\/\/inika.net\/eu\/wp-json\/wp\/v2\/pages\/635"}],"wp:attachment":[{"href":"https:\/\/inika.net\/eu\/wp-json\/wp\/v2\/media?parent=663"}],"curies":[{"name":"wp","href":"https:\/\/api.w.org\/{rel}","templated":true}]}}