{"id":659,"date":"2018-09-26T08:04:57","date_gmt":"2018-09-26T08:04:57","guid":{"rendered":"http:\/\/inika.net\/zer-da-inika\/ikasketak-eva\/"},"modified":"2019-02-28T15:48:37","modified_gmt":"2019-02-28T15:48:37","slug":"ikasketak-eva","status":"publish","type":"page","link":"https:\/\/inika.net\/eu\/ikastetxeak\/ikasketak-eva\/","title":{"rendered":"Ikasketak EVA"},"content":{"rendered":"<p><div class=\"fusion-fullwidth fullwidth-box fusion-builder-row-1 fusion-parallax-none nonhundred-percent-fullwidth non-hundred-percent-height-scrolling\" style=\"--awb-border-radius-top-left:0px;--awb-border-radius-top-right:0px;--awb-border-radius-bottom-right:0px;--awb-border-radius-bottom-left:0px;--awb-background-image:url(&quot;https:\/\/www.inika.net\/wp-content\/uploads\/2018\/07\/aprendizaje.jpg&quot;);--awb-background-size:cover;--awb-flex-wrap:wrap;\" ><div class=\"fusion-builder-row fusion-row\"><div class=\"fusion-layout-column fusion_builder_column fusion-builder-column-0 fusion_builder_column_1_1 1_1 fusion-one-full fusion-column-first fusion-column-last tituloblanco\" style=\"--awb-padding-top:14%;--awb-bg-size:cover;\"><div class=\"fusion-column-wrapper fusion-flex-column-wrapper-legacy\"><div class=\"fusion-title title fusion-title-1 fusion-sep-none fusion-title-center fusion-title-text fusion-title-size-two\"><h2 class=\"fusion-title-heading title-heading-center\" style=\"margin:0;\">LMS\u00a0 ingurunea<\/h2><\/div><div class=\"fusion-title title fusion-title-2 fusion-sep-none fusion-title-center fusion-title-text fusion-title-size-three azpititulo\"><h3 class=\"fusion-title-heading title-heading-center\" style=\"margin:0;\">(Learning Management System &#8211; Ikasketa Ingurune Birtuala)<\/h3><\/div><div class=\"fusion-clearfix\"><\/div><\/div><\/div><\/div><\/div><div class=\"fusion-fullwidth fullwidth-box fusion-builder-row-2 nonhundred-percent-fullwidth non-hundred-percent-height-scrolling\" style=\"--awb-border-radius-top-left:0px;--awb-border-radius-top-right:0px;--awb-border-radius-bottom-right:0px;--awb-border-radius-bottom-left:0px;--awb-padding-top:55px;--awb-flex-wrap:wrap;\" ><div class=\"fusion-builder-row fusion-row\"><div class=\"fusion-layout-column fusion_builder_column fusion-builder-column-1 fusion_builder_column_1_1 1_1 fusion-one-full fusion-column-first fusion-column-last\" style=\"--awb-bg-size:cover;\"><div class=\"fusion-column-wrapper fusion-flex-column-wrapper-legacy\"><div class=\"fusion-title title fusion-title-3 fusion-sep-none fusion-title-center fusion-title-text fusion-title-size-three\"><h3 class=\"fusion-title-heading title-heading-center\" style=\"margin:0;\">Koaderno digitalaren bitartez INIKA indar handiz sartu da ikasgelara. Moodle eta Google Classroomekin bat eginda, aurrez definitutako programazioa gelan irakasteko aukera zabaltzen zaio irakasleari.<\/h3><\/div><div class=\"fusion-clearfix\"><\/div><\/div><\/div><\/div><\/div><div class=\"fusion-fullwidth fullwidth-box fusion-builder-row-3 nonhundred-percent-fullwidth non-hundred-percent-height-scrolling\" style=\"--awb-border-radius-top-left:0px;--awb-border-radius-top-right:0px;--awb-border-radius-bottom-right:0px;--awb-border-radius-bottom-left:0px;--awb-flex-wrap:wrap;\" ><div class=\"fusion-builder-row fusion-row\"><div class=\"fusion-layout-column fusion_builder_column fusion-builder-column-2 fusion_builder_column_3_4 3_4 fusion-three-fourth fusion-column-first\" style=\"--awb-bg-size:cover;width:75%;width:calc(75% - ( ( 4% ) * 0.75 ) );margin-right: 4%;\"><div class=\"fusion-column-wrapper fusion-flex-column-wrapper-legacy\"><div class=\"fusion-tabs fusion-tabs-1 classic nav-is-justified horizontal-tabs icon-position-left mobile-mode-accordion\" style=\"--awb-title-border-radius-top-left:0px;--awb-title-border-radius-top-right:0px;--awb-title-border-radius-bottom-right:0px;--awb-title-border-radius-bottom-left:0px;--awb-inactive-color:#ebeaea;--awb-background-color:#ffffff;--awb-border-color:#ebeaea;--awb-active-border-color:#f47920;\"><div class=\"nav\"><ul class=\"nav-tabs nav-justified\" role=\"tablist\"><li class=\"active\" role=\"presentation\"><a class=\"tab-link\" data-toggle=\"tab\" role=\"tab\" aria-controls=\"tab-9bc15294efe03761ea7\" aria-selected=\"true\" id=\"fusion-tab-irakaslearenkoadernodigitala\" href=\"#tab-9bc15294efe03761ea7\"><h4 class=\"fusion-tab-heading\"><i class=\"fontawesome-icon fa-address-book far\" aria-hidden=\"true\" style=\"font-size:13px;\"><\/i>Irakaslearen koaderno digitala<\/h4><\/a><\/li><li role=\"presentation\"><a class=\"tab-link\" data-toggle=\"tab\" role=\"tab\" aria-controls=\"tab-6213b81d047ea5889c0\" aria-selected=\"false\" tabindex=\"-1\" id=\"fusion-tab-integrazioa\" href=\"#tab-6213b81d047ea5889c0\"><h4 class=\"fusion-tab-heading\"><i class=\"fontawesome-icon fa-affiliatetheme fab\" aria-hidden=\"true\" style=\"font-size:13px;\"><\/i>Integrazioa<\/h4><\/a><\/li><\/ul><\/div><div class=\"tab-content\"><div class=\"nav fusion-mobile-tab-nav\"><ul class=\"nav-tabs nav-justified\" role=\"tablist\"><li class=\"active\" role=\"presentation\"><a class=\"tab-link\" data-toggle=\"tab\" role=\"tab\" aria-controls=\"tab-9bc15294efe03761ea7\" aria-selected=\"true\" id=\"mobile-fusion-tab-irakaslearenkoadernodigitala\" href=\"#tab-9bc15294efe03761ea7\"><h4 class=\"fusion-tab-heading\"><i class=\"fontawesome-icon fa-address-book far\" aria-hidden=\"true\" style=\"font-size:13px;\"><\/i>Irakaslearen koaderno digitala<\/h4><\/a><\/li><\/ul><\/div><div class=\"tab-pane fade fusion-clearfix in active\" role=\"tabpanel\" tabindex=\"0\" aria-labelledby=\"fusion-tab-irakaslearenkoadernodigitala\" id=\"tab-9bc15294efe03761ea7\">\n<p><strong>Irakasleek sortutako materialekin liburu digitalak sor daitezke. Ondoren, saio bakoitzean, irakasgaien programazioa sekuentziatu eta ikusi ahal izango da, unitateekin eta jarduerekin egutegi batean, eta irakasleak eman duen klasearen nondik norakoak erregistratuko ditu.<\/strong><\/p>\n<p><strong>Baliabide erakargarriz osatutako programazioak sortzeko aukera erraldoiak eskaintzen die irakasleei. Irakasleen arteko hartuemana errazten du helburu batekin, hauek denbora gehiago izatea ikasleengan arreta jartzeko.<\/strong><\/p>\n<p><strong>Irakasleek ezagutza teknologiko berezirik gabe, edukiak aberatsak sortu ahal izango ditu, <\/strong>edozein motako errekurtsoak erabiliz: textuak, irudiak, bideoak, estekak, etc<\/p>\n<ul>\n<li><strong>Programazio didaktikoak eta konpetentzien ebaluazioa<\/strong>\n<ul>\n<li>Unitateak<\/li>\n<li>Jarduerak<\/li>\n<li>Zereginak<\/li>\n<li>Ohiko eta zeharkako konpetentziak<\/li>\n<li>Edukiak<\/li>\n<li>Eduki partekatuak: programazioen esportazio\/inportazioa<\/li>\n<\/ul>\n<\/li>\n<li><strong>Liburutegia: eduki digitalak (aurki)<\/strong>\n<ul>\n<li>Argitaletxeak<\/li>\n<li>Komunitatea<\/li>\n<li>Pribatuak<\/li>\n<\/ul>\n<\/li>\n<li><strong>Gelako lana<\/strong>\n<ul>\n<li>Zereginaren zikloa\n<ul>\n<li>Zereginen esleipena ikasleei<\/li>\n<li>Jarraipena eta ebaluazioa<\/li>\n<\/ul>\n<\/li>\n<li>Ikaslearen profila<\/li>\n<\/ul>\n<\/li>\n<li><strong>Irakasketa-ikasketa sekuentziaren kalitate adierazleak<\/strong><\/li>\n<\/ul>\n<div class=\"fusion-slider-sc fusion-flexslider-loading flexslider flexslider-hover-type-none\" data-slideshow_autoplay=\"1\" data-slideshow_smooth_height=\"0\" data-slideshow_speed=\"7000\" style=\"max-width:100%;height:100%;\"><ul class=\"slides\"><li class=\"image\"><span class=\"fusion-image-hover-element hover-type-none\"><img decoding=\"async\" src=\"https:\/\/inika.net\/wp-content\/uploads\/2019\/02\/Sesion-1.jpg\" width=\"1647\" height=\"682\" class=\"wp-image-1898\" srcset=\"https:\/\/inika.net\/wp-content\/uploads\/2019\/02\/Sesion-1-200x83.jpg 200w, https:\/\/inika.net\/wp-content\/uploads\/2019\/02\/Sesion-1-400x166.jpg 400w, https:\/\/inika.net\/wp-content\/uploads\/2019\/02\/Sesion-1-600x248.jpg 600w, https:\/\/inika.net\/wp-content\/uploads\/2019\/02\/Sesion-1-800x331.jpg 800w, https:\/\/inika.net\/wp-content\/uploads\/2019\/02\/Sesion-1-1200x497.jpg 1200w, https:\/\/inika.net\/wp-content\/uploads\/2019\/02\/Sesion-1.jpg 1647w\" sizes=\"(max-width: 800px) 100vw, 1200px\" \/><\/span><\/li><li class=\"image\"><span class=\"fusion-image-hover-element hover-type-none\"><img decoding=\"async\" src=\"https:\/\/inika.net\/wp-content\/uploads\/2019\/02\/PBL-1.jpg\" width=\"1574\" height=\"827\" class=\"wp-image-2660\" srcset=\"https:\/\/inika.net\/wp-content\/uploads\/2019\/02\/PBL-1-200x105.jpg 200w, https:\/\/inika.net\/wp-content\/uploads\/2019\/02\/PBL-1-400x210.jpg 400w, https:\/\/inika.net\/wp-content\/uploads\/2019\/02\/PBL-1-600x315.jpg 600w, https:\/\/inika.net\/wp-content\/uploads\/2019\/02\/PBL-1-800x420.jpg 800w, https:\/\/inika.net\/wp-content\/uploads\/2019\/02\/PBL-1-1200x630.jpg 1200w, https:\/\/inika.net\/wp-content\/uploads\/2019\/02\/PBL-1.jpg 1574w\" sizes=\"(max-width: 800px) 100vw, 1200px\" \/><\/span><\/li><li class=\"image\"><span class=\"fusion-image-hover-element hover-type-none\"><img decoding=\"async\" src=\"https:\/\/inika.net\/wp-content\/uploads\/2019\/02\/PBL-2.jpg\" width=\"1552\" height=\"810\" class=\"wp-image-2662\" srcset=\"https:\/\/inika.net\/wp-content\/uploads\/2019\/02\/PBL-2-200x104.jpg 200w, https:\/\/inika.net\/wp-content\/uploads\/2019\/02\/PBL-2-400x209.jpg 400w, https:\/\/inika.net\/wp-content\/uploads\/2019\/02\/PBL-2-600x313.jpg 600w, https:\/\/inika.net\/wp-content\/uploads\/2019\/02\/PBL-2-800x418.jpg 800w, https:\/\/inika.net\/wp-content\/uploads\/2019\/02\/PBL-2-1200x626.jpg 1200w, https:\/\/inika.net\/wp-content\/uploads\/2019\/02\/PBL-2.jpg 1552w\" sizes=\"(max-width: 800px) 100vw, 1200px\" \/><\/span><\/li><\/ul><\/div>\n<\/div><div class=\"nav fusion-mobile-tab-nav\"><ul class=\"nav-tabs nav-justified\" role=\"tablist\"><li role=\"presentation\"><a class=\"tab-link\" data-toggle=\"tab\" role=\"tab\" aria-controls=\"tab-6213b81d047ea5889c0\" aria-selected=\"false\" tabindex=\"-1\" id=\"mobile-fusion-tab-integrazioa\" href=\"#tab-6213b81d047ea5889c0\"><h4 class=\"fusion-tab-heading\"><i class=\"fontawesome-icon fa-affiliatetheme fab\" aria-hidden=\"true\" style=\"font-size:13px;\"><\/i>Integrazioa<\/h4><\/a><\/li><\/ul><\/div><div class=\"tab-pane fade fusion-clearfix\" role=\"tabpanel\" tabindex=\"0\" aria-labelledby=\"fusion-tab-integrazioa\" id=\"tab-6213b81d047ea5889c0\">\n<p><strong>Ikasgelan gehien erabiltzen diren tresnekin lotura zuzena du gure koaderno digitalak. Datuen elkartrukeak automatizatzen ditugu lana bikoiztea saihesteko.<\/strong><\/p>\n<ul>\n<li><strong>Moodle-ekin lotura<\/strong>\n<ul>\n<li>Erabiltzaileen sinkronizazioa (ikasleak eta irakasleak, biak barne)<\/li>\n<li>Kurtsoen alta eta dagoeneko sortuta daudenekin lotura<\/li>\n<li>Taldeen eraketa<\/li>\n<li>Ikasle eta irakasleen matrikulazioa<\/li>\n<li>Kalifikazioen inportazioa<\/li>\n<\/ul>\n<\/li>\n<li><strong>Google Classroomekin lotura<\/strong>\n<ul>\n<li>Erabiltzaileen sinkronizazioa (ikasleak eta irakasleak, biak barne)<\/li>\n<li>Kurtsoen alta eta dagoeneko sortuta daudenekin lotura<\/li>\n<li>Taldeen eraketa<\/li>\n<li>Ikasle eta irakasleen matrikulazioa<\/li>\n<li>Inikaren koaderno digitaleko programazioan sorturiko zereginen esportazioa<\/li>\n<li>Kalifikazioen inportazioa<\/li>\n<\/ul>\n<\/li>\n<\/ul>\n<div class=\"fusion-slider-sc fusion-flexslider-loading flexslider flexslider-hover-type-none\" data-slideshow_autoplay=\"1\" data-slideshow_smooth_height=\"0\" data-slideshow_speed=\"7000\" style=\"max-width:100%;height:100%;\"><ul class=\"slides\"><li class=\"image\"><span class=\"fusion-image-hover-element hover-type-none\"><img decoding=\"async\" src=\"https:\/\/inika.net\/wp-content\/uploads\/2019\/02\/Moodle.jpg\" width=\"1638\" height=\"471\" class=\"wp-image-2159\" srcset=\"https:\/\/inika.net\/wp-content\/uploads\/2019\/02\/Moodle-200x58.jpg 200w, https:\/\/inika.net\/wp-content\/uploads\/2019\/02\/Moodle-400x115.jpg 400w, https:\/\/inika.net\/wp-content\/uploads\/2019\/02\/Moodle-600x173.jpg 600w, https:\/\/inika.net\/wp-content\/uploads\/2019\/02\/Moodle-800x230.jpg 800w, https:\/\/inika.net\/wp-content\/uploads\/2019\/02\/Moodle-1200x345.jpg 1200w, https:\/\/inika.net\/wp-content\/uploads\/2019\/02\/Moodle.jpg 1638w\" sizes=\"(max-width: 800px) 100vw, 1200px\" \/><\/span><\/li><li class=\"image\"><span class=\"fusion-image-hover-element hover-type-none\"><img decoding=\"async\" src=\"https:\/\/inika.net\/wp-content\/uploads\/2019\/02\/ClassRoom-2.jpg\" width=\"1643\" height=\"751\" class=\"wp-image-2319\" srcset=\"https:\/\/inika.net\/wp-content\/uploads\/2019\/02\/ClassRoom-2-200x91.jpg 200w, https:\/\/inika.net\/wp-content\/uploads\/2019\/02\/ClassRoom-2-400x183.jpg 400w, https:\/\/inika.net\/wp-content\/uploads\/2019\/02\/ClassRoom-2-600x274.jpg 600w, https:\/\/inika.net\/wp-content\/uploads\/2019\/02\/ClassRoom-2-800x366.jpg 800w, https:\/\/inika.net\/wp-content\/uploads\/2019\/02\/ClassRoom-2-1200x549.jpg 1200w, https:\/\/inika.net\/wp-content\/uploads\/2019\/02\/ClassRoom-2.jpg 1643w\" sizes=\"(max-width: 800px) 100vw, 1200px\" \/><\/span><\/li><\/ul><\/div>\n<ul>\n<li style=\"list-style-type: none;\"><\/li>\n<\/ul>\n<\/div><\/div><\/div><div class=\"fusion-clearfix\"><\/div><\/div><\/div><div class=\"fusion-layout-column fusion_builder_column fusion-builder-column-3 fusion_builder_column_1_4 1_4 fusion-one-fourth fusion-column-last\" style=\"--awb-bg-size:cover;width:25%;width:calc(25% - ( ( 4% ) * 0.25 ) );\"><div class=\"fusion-column-wrapper fusion-flex-column-wrapper-legacy\"><div class=\"fusion-image-element in-legacy-container\" style=\"--awb-caption-title-font-family:var(--h2_typography-font-family);--awb-caption-title-font-weight:var(--h2_typography-font-weight);--awb-caption-title-font-style:var(--h2_typography-font-style);--awb-caption-title-size:var(--h2_typography-font-size);--awb-caption-title-transform:var(--h2_typography-text-transform);--awb-caption-title-line-height:var(--h2_typography-line-height);--awb-caption-title-letter-spacing:var(--h2_typography-letter-spacing);\"><span class=\" fusion-imageframe imageframe-none imageframe-1 hover-type-none\"><img decoding=\"async\" width=\"400\" height=\"267\" title=\"Gesti\u00f3n Acad\u00e9mica\" src=\"https:\/\/inika.net\/wp-content\/uploads\/2018\/07\/gestion-academica-tx.jpg\" alt class=\"img-responsive wp-image-505\" srcset=\"https:\/\/inika.net\/wp-content\/uploads\/2018\/07\/gestion-academica-tx-200x134.jpg 200w, https:\/\/inika.net\/wp-content\/uploads\/2018\/07\/gestion-academica-tx.jpg 400w\" sizes=\"(max-width: 800px) 100vw, 400px\" \/><\/span><\/div><div class=\"fusion-title title fusion-title-4 sep-underline sep-solid fusion-title-center fusion-title-text fusion-title-size-two tituloquees\"><h2 class=\"fusion-title-heading title-heading-center\" style=\"margin:0;\">Kudeaketa akademikoa<\/h2><\/div><div class=\"fusion-sep-clear\"><\/div><div class=\"fusion-separator fusion-full-width-sep\" style=\"margin-left: auto;margin-right: auto;margin-top:20px;width:100%;\"><\/div><div class=\"fusion-sep-clear\"><\/div><div class=\"fusion-aligncenter\"><a class=\"fusion-button button-flat button-large button-default fusion-button-default button-1 fusion-button-default-span fusion-button-default-type\" target=\"_self\" href=\"https:\/\/www.inika.net\/zer-da-inika\/kudeaketa-akademikoa\/?lang=eu\"><span class=\"fusion-button-text awb-button__text awb-button__text--default\">Gehiago irakurri<\/span><\/a><\/div><div class=\"fusion-sep-clear\"><\/div><div class=\"fusion-separator fusion-full-width-sep\" style=\"margin-left: auto;margin-right: auto;margin-top:20px;width:100%;\"><\/div><div class=\"fusion-sep-clear\"><\/div><div class=\"fusion-image-element in-legacy-container\" style=\"--awb-caption-title-font-family:var(--h2_typography-font-family);--awb-caption-title-font-weight:var(--h2_typography-font-weight);--awb-caption-title-font-style:var(--h2_typography-font-style);--awb-caption-title-size:var(--h2_typography-font-size);--awb-caption-title-transform:var(--h2_typography-text-transform);--awb-caption-title-line-height:var(--h2_typography-line-height);--awb-caption-title-letter-spacing:var(--h2_typography-letter-spacing);\"><span class=\" fusion-imageframe imageframe-none imageframe-2 hover-type-none\"><img decoding=\"async\" width=\"400\" height=\"267\" title=\"Comunicaci\u00f3n\" src=\"https:\/\/inika.net\/wp-content\/uploads\/2018\/07\/comunicacion-tx.jpg\" alt class=\"img-responsive wp-image-507\" srcset=\"https:\/\/inika.net\/wp-content\/uploads\/2018\/07\/comunicacion-tx-200x134.jpg 200w, https:\/\/inika.net\/wp-content\/uploads\/2018\/07\/comunicacion-tx.jpg 400w\" sizes=\"(max-width: 800px) 100vw, 400px\" \/><\/span><\/div><div class=\"fusion-title title fusion-title-5 sep-underline sep-solid fusion-title-center fusion-title-text fusion-title-size-two tituloquees\"><h2 class=\"fusion-title-heading title-heading-center\" style=\"margin:0;\">Komunikazioa<\/h2><\/div><div class=\"fusion-sep-clear\"><\/div><div class=\"fusion-separator fusion-full-width-sep\" style=\"margin-left: auto;margin-right: auto;margin-top:20px;width:100%;\"><\/div><div class=\"fusion-sep-clear\"><\/div><div class=\"fusion-aligncenter\"><a class=\"fusion-button button-flat button-large button-default fusion-button-default button-2 fusion-button-default-span fusion-button-default-type\" target=\"_self\" href=\"https:\/\/www.inika.net\/eu\/zer-da-inika\/komunikazioa\/\"><span class=\"fusion-button-text awb-button__text awb-button__text--default\">Gehiago irakurri<\/span><\/a><\/div><div class=\"fusion-sep-clear\"><\/div><div class=\"fusion-separator fusion-full-width-sep\" style=\"margin-left: auto;margin-right: auto;margin-top:20px;width:100%;\"><\/div><div class=\"fusion-sep-clear\"><\/div><div class=\"fusion-image-element in-legacy-container\" style=\"--awb-caption-title-font-family:var(--h2_typography-font-family);--awb-caption-title-font-weight:var(--h2_typography-font-weight);--awb-caption-title-font-style:var(--h2_typography-font-style);--awb-caption-title-size:var(--h2_typography-font-size);--awb-caption-title-transform:var(--h2_typography-text-transform);--awb-caption-title-line-height:var(--h2_typography-line-height);--awb-caption-title-letter-spacing:var(--h2_typography-letter-spacing);\"><span class=\" fusion-imageframe imageframe-none imageframe-3 hover-type-none\"><img decoding=\"async\" width=\"400\" height=\"267\" title=\"Gesti\u00f3n administrativa\" src=\"https:\/\/inika.net\/wp-content\/uploads\/2018\/07\/gestion-administrativa-tx.jpg\" alt class=\"img-responsive wp-image-506\" srcset=\"https:\/\/inika.net\/wp-content\/uploads\/2018\/07\/gestion-administrativa-tx-200x134.jpg 200w, https:\/\/inika.net\/wp-content\/uploads\/2018\/07\/gestion-administrativa-tx.jpg 400w\" sizes=\"(max-width: 800px) 100vw, 400px\" \/><\/span><\/div><div class=\"fusion-title title fusion-title-6 sep-underline sep-solid fusion-title-center fusion-title-text fusion-title-size-two tituloquees\"><h2 class=\"fusion-title-heading title-heading-center\" style=\"margin:0;\">Administrazioaren kudeaketa<\/h2><\/div><div class=\"fusion-sep-clear\"><\/div><div class=\"fusion-separator fusion-full-width-sep\" style=\"margin-left: auto;margin-right: auto;margin-top:20px;width:100%;\"><\/div><div class=\"fusion-sep-clear\"><\/div><div class=\"fusion-aligncenter\"><a class=\"fusion-button button-flat button-large button-default fusion-button-default button-3 fusion-button-default-span fusion-button-default-type\" target=\"_self\" href=\"https:\/\/www.inika.net\/eu\/zer-da-inika\/administrazioaren-kudeaketa\/\"><span class=\"fusion-button-text awb-button__text awb-button__text--default\">Gehiago irakurri<\/span><\/a><\/div><div class=\"fusion-clearfix\"><\/div><\/div><\/div><\/div><\/div><\/p>\n","protected":false},"excerpt":{"rendered":"","protected":false},"author":1,"featured_media":0,"parent":635,"menu_order":0,"comment_status":"closed","ping_status":"closed","template":"100-width.php","meta":{"footnotes":""},"class_list":["post-659","page","type-page","status-publish","hentry"],"yoast_head":"<!-- This site is optimized with the Yoast SEO plugin v26.5 - https:\/\/yoast.com\/wordpress\/plugins\/seo\/ -->\n<title>Ikasketak EVA - Inika - Software de gesti\u00f3n acad\u00e9mica<\/title>\n<meta name=\"robots\" content=\"index, follow, max-snippet:-1, max-image-preview:large, max-video-preview:-1\" \/>\n<link rel=\"canonical\" href=\"https:\/\/inika.net\/eu\/zer-da-inika\/ikasketak-eva\/\" \/>\n<meta property=\"og:locale\" content=\"eu_ES\" \/>\n<meta property=\"og:type\" content=\"article\" \/>\n<meta property=\"og:title\" content=\"Ikasketak EVA - Inika - Software de gesti\u00f3n acad\u00e9mica\" \/>\n<meta property=\"og:url\" content=\"https:\/\/inika.net\/eu\/zer-da-inika\/ikasketak-eva\/\" \/>\n<meta property=\"og:site_name\" content=\"Inika - Software de gesti\u00f3n acad\u00e9mica\" \/>\n<meta property=\"article:modified_time\" content=\"2019-02-28T15:48:37+00:00\" \/>\n<meta name=\"twitter:card\" content=\"summary_large_image\" \/>\n<meta name=\"twitter:label1\" content=\"Est. reading time\" \/>\n\t<meta name=\"twitter:data1\" content=\"9 minutes\" \/>\n<script type=\"application\/ld+json\" class=\"yoast-schema-graph\">{\"@context\":\"https:\/\/schema.org\",\"@graph\":[{\"@type\":\"WebPage\",\"@id\":\"https:\/\/inika.net\/eu\/zer-da-inika\/ikasketak-eva\/\",\"url\":\"https:\/\/inika.net\/eu\/zer-da-inika\/ikasketak-eva\/\",\"name\":\"Ikasketak EVA - Inika - Software de gesti\u00f3n acad\u00e9mica\",\"isPartOf\":{\"@id\":\"https:\/\/inika.net\/#website\"},\"datePublished\":\"2018-09-26T08:04:57+00:00\",\"dateModified\":\"2019-02-28T15:48:37+00:00\",\"breadcrumb\":{\"@id\":\"https:\/\/inika.net\/eu\/zer-da-inika\/ikasketak-eva\/#breadcrumb\"},\"inLanguage\":\"eu-ES\",\"potentialAction\":[{\"@type\":\"ReadAction\",\"target\":[\"https:\/\/inika.net\/eu\/zer-da-inika\/ikasketak-eva\/\"]}]},{\"@type\":\"BreadcrumbList\",\"@id\":\"https:\/\/inika.net\/eu\/zer-da-inika\/ikasketak-eva\/#breadcrumb\",\"itemListElement\":[{\"@type\":\"ListItem\",\"position\":1,\"name\":\"Zer da Inika\",\"item\":\"https:\/\/inika.net\/eu\/zer-da-inika\/\"},{\"@type\":\"ListItem\",\"position\":2,\"name\":\"Ikasketak EVA\"}]},{\"@type\":\"WebSite\",\"@id\":\"https:\/\/inika.net\/#website\",\"url\":\"https:\/\/inika.net\/\",\"name\":\"Inika - Software de gesti\u00f3n acad\u00e9mica\",\"description\":\"Inika es el software de gesti\u00f3n acad\u00e9mica, una soluci\u00f3n integral para centros de ense\u00f1anza.\",\"potentialAction\":[{\"@type\":\"SearchAction\",\"target\":{\"@type\":\"EntryPoint\",\"urlTemplate\":\"https:\/\/inika.net\/?s={search_term_string}\"},\"query-input\":{\"@type\":\"PropertyValueSpecification\",\"valueRequired\":true,\"valueName\":\"search_term_string\"}}],\"inLanguage\":\"eu-ES\"}]}<\/script>\n<!-- \/ Yoast SEO plugin. -->","yoast_head_json":{"title":"Ikasketak EVA - Inika - Software de gesti\u00f3n acad\u00e9mica","robots":{"index":"index","follow":"follow","max-snippet":"max-snippet:-1","max-image-preview":"max-image-preview:large","max-video-preview":"max-video-preview:-1"},"canonical":"https:\/\/inika.net\/eu\/zer-da-inika\/ikasketak-eva\/","og_locale":"eu_ES","og_type":"article","og_title":"Ikasketak EVA - Inika - Software de gesti\u00f3n acad\u00e9mica","og_url":"https:\/\/inika.net\/eu\/zer-da-inika\/ikasketak-eva\/","og_site_name":"Inika - Software de gesti\u00f3n acad\u00e9mica","article_modified_time":"2019-02-28T15:48:37+00:00","twitter_card":"summary_large_image","twitter_misc":{"Est. reading time":"9 minutes"},"schema":{"@context":"https:\/\/schema.org","@graph":[{"@type":"WebPage","@id":"https:\/\/inika.net\/eu\/zer-da-inika\/ikasketak-eva\/","url":"https:\/\/inika.net\/eu\/zer-da-inika\/ikasketak-eva\/","name":"Ikasketak EVA - Inika - Software de gesti\u00f3n acad\u00e9mica","isPartOf":{"@id":"https:\/\/inika.net\/#website"},"datePublished":"2018-09-26T08:04:57+00:00","dateModified":"2019-02-28T15:48:37+00:00","breadcrumb":{"@id":"https:\/\/inika.net\/eu\/zer-da-inika\/ikasketak-eva\/#breadcrumb"},"inLanguage":"eu-ES","potentialAction":[{"@type":"ReadAction","target":["https:\/\/inika.net\/eu\/zer-da-inika\/ikasketak-eva\/"]}]},{"@type":"BreadcrumbList","@id":"https:\/\/inika.net\/eu\/zer-da-inika\/ikasketak-eva\/#breadcrumb","itemListElement":[{"@type":"ListItem","position":1,"name":"Zer da Inika","item":"https:\/\/inika.net\/eu\/zer-da-inika\/"},{"@type":"ListItem","position":2,"name":"Ikasketak EVA"}]},{"@type":"WebSite","@id":"https:\/\/inika.net\/#website","url":"https:\/\/inika.net\/","name":"Inika - Software de gesti\u00f3n acad\u00e9mica","description":"Inika es el software de gesti\u00f3n acad\u00e9mica, una soluci\u00f3n integral para centros de ense\u00f1anza.","potentialAction":[{"@type":"SearchAction","target":{"@type":"EntryPoint","urlTemplate":"https:\/\/inika.net\/?s={search_term_string}"},"query-input":{"@type":"PropertyValueSpecification","valueRequired":true,"valueName":"search_term_string"}}],"inLanguage":"eu-ES"}]}},"_links":{"self":[{"href":"https:\/\/inika.net\/eu\/wp-json\/wp\/v2\/pages\/659","targetHints":{"allow":["GET"]}}],"collection":[{"href":"https:\/\/inika.net\/eu\/wp-json\/wp\/v2\/pages"}],"about":[{"href":"https:\/\/inika.net\/eu\/wp-json\/wp\/v2\/types\/page"}],"author":[{"embeddable":true,"href":"https:\/\/inika.net\/eu\/wp-json\/wp\/v2\/users\/1"}],"replies":[{"embeddable":true,"href":"https:\/\/inika.net\/eu\/wp-json\/wp\/v2\/comments?post=659"}],"version-history":[{"count":13,"href":"https:\/\/inika.net\/eu\/wp-json\/wp\/v2\/pages\/659\/revisions"}],"predecessor-version":[{"id":2665,"href":"https:\/\/inika.net\/eu\/wp-json\/wp\/v2\/pages\/659\/revisions\/2665"}],"up":[{"embeddable":true,"href":"https:\/\/inika.net\/eu\/wp-json\/wp\/v2\/pages\/635"}],"wp:attachment":[{"href":"https:\/\/inika.net\/eu\/wp-json\/wp\/v2\/media?parent=659"}],"curies":[{"name":"wp","href":"https:\/\/api.w.org\/{rel}","templated":true}]}}