{"id":654,"date":"2018-09-26T07:48:05","date_gmt":"2018-09-26T07:48:05","guid":{"rendered":"http:\/\/inika.net\/zer-da-inika\/administrazioaren-kudeaketa\/"},"modified":"2019-09-11T16:17:54","modified_gmt":"2019-09-11T16:17:54","slug":"administrazioaren-kudeaketa","status":"publish","type":"page","link":"https:\/\/inika.net\/eu\/ikastetxeak\/administrazioaren-kudeaketa\/","title":{"rendered":"Administrazioaren kudeaketa"},"content":{"rendered":"<p><div class=\"fusion-fullwidth fullwidth-box fusion-builder-row-1 fusion-parallax-none nonhundred-percent-fullwidth non-hundred-percent-height-scrolling\" style=\"--awb-border-radius-top-left:0px;--awb-border-radius-top-right:0px;--awb-border-radius-bottom-right:0px;--awb-border-radius-bottom-left:0px;--awb-background-image:url(&quot;https:\/\/www.inika.net\/wp-content\/uploads\/2018\/07\/gestion-administrativa.jpg&quot;);--awb-background-size:cover;--awb-flex-wrap:wrap;\" ><div class=\"fusion-builder-row fusion-row\"><div class=\"fusion-layout-column fusion_builder_column fusion-builder-column-0 fusion_builder_column_1_1 1_1 fusion-one-full fusion-column-first fusion-column-last tituloblanco\" style=\"--awb-padding-top:14%;--awb-bg-size:cover;\"><div class=\"fusion-column-wrapper fusion-flex-column-wrapper-legacy\"><div class=\"fusion-title title fusion-title-1 fusion-sep-none fusion-title-center fusion-title-text fusion-title-size-two\"><h2 class=\"fusion-title-heading title-heading-center\" style=\"margin:0;\">Administrazioaren kudeaketa<\/h2><\/div><div class=\"fusion-title title fusion-title-2 fusion-sep-none fusion-title-center fusion-title-text fusion-title-size-three azpititulo\"><h3 class=\"fusion-title-heading title-heading-center\" style=\"margin:0;\"><h3 class=\"title-heading-center\">Prozesu administratiboak. Planifikazio ekonomikoa<\/h3><\/h3><\/div><div class=\"fusion-clearfix\"><\/div><\/div><\/div><\/div><\/div><div class=\"fusion-fullwidth fullwidth-box fusion-builder-row-2 nonhundred-percent-fullwidth non-hundred-percent-height-scrolling\" style=\"--awb-border-radius-top-left:0px;--awb-border-radius-top-right:0px;--awb-border-radius-bottom-right:0px;--awb-border-radius-bottom-left:0px;--awb-padding-top:55px;--awb-flex-wrap:wrap;\" ><div class=\"fusion-builder-row fusion-row\"><div class=\"fusion-layout-column fusion_builder_column fusion-builder-column-1 fusion_builder_column_1_1 1_1 fusion-one-full fusion-column-first fusion-column-last\" style=\"--awb-bg-size:cover;\"><div class=\"fusion-column-wrapper fusion-flex-column-wrapper-legacy\"><div class=\"fusion-title title fusion-title-3 fusion-sep-none fusion-title-center fusion-title-text fusion-title-size-three\"><h3 class=\"fusion-title-heading title-heading-center\" style=\"margin:0;\">Modu eraginkor batean kudeatu egunerokotasunean topatzen dituzun prozesu administratiboak. Planifikazio ekonomikoa eta kudeaketa efizientea<\/h3><\/div><div class=\"fusion-clearfix\"><\/div><\/div><\/div><\/div><\/div><div class=\"fusion-fullwidth fullwidth-box fusion-builder-row-3 nonhundred-percent-fullwidth non-hundred-percent-height-scrolling\" style=\"--awb-border-radius-top-left:0px;--awb-border-radius-top-right:0px;--awb-border-radius-bottom-right:0px;--awb-border-radius-bottom-left:0px;--awb-flex-wrap:wrap;\" ><div class=\"fusion-builder-row fusion-row\"><div class=\"fusion-layout-column fusion_builder_column fusion-builder-column-2 fusion_builder_column_3_4 3_4 fusion-three-fourth fusion-column-first\" style=\"--awb-bg-size:cover;width:75%;width:calc(75% - ( ( 4% ) * 0.75 ) );margin-right: 4%;\"><div class=\"fusion-column-wrapper fusion-flex-column-wrapper-legacy\"><div class=\"fusion-tabs fusion-tabs-1 classic nav-is-justified horizontal-tabs icon-position-left mobile-mode-accordion\" style=\"--awb-title-border-radius-top-left:0px;--awb-title-border-radius-top-right:0px;--awb-title-border-radius-bottom-right:0px;--awb-title-border-radius-bottom-left:0px;--awb-inactive-color:#ebeaea;--awb-background-color:#ffffff;--awb-border-color:#ebeaea;--awb-active-border-color:#f47920;\"><div class=\"nav\"><ul class=\"nav-tabs nav-justified\" role=\"tablist\"><li class=\"active\" role=\"presentation\"><a class=\"tab-link\" data-toggle=\"tab\" role=\"tab\" aria-controls=\"tab-2ddb89cd7476e414ef0\" aria-selected=\"true\" id=\"fusion-tab-administrazioetazerbitzuak\" href=\"#tab-2ddb89cd7476e414ef0\"><h4 class=\"fusion-tab-heading\"><i class=\"fontawesome-icon fa-server fas\" aria-hidden=\"true\" style=\"font-size:13px;\"><\/i>Administrazio eta Zerbitzuak<\/h4><\/a><\/li><li role=\"presentation\"><a class=\"tab-link\" data-toggle=\"tab\" role=\"tab\" aria-controls=\"tab-b6e6d45e419d9245dc9\" aria-selected=\"false\" tabindex=\"-1\" id=\"fusion-tab-kudeaketaekonomikoa\" href=\"#tab-b6e6d45e419d9245dc9\"><h4 class=\"fusion-tab-heading\"><i class=\"fontawesome-icon fa-align-justify fas\" aria-hidden=\"true\" style=\"font-size:13px;\"><\/i>Kudeaketa ekonomikoa<\/h4><\/a><\/li><\/ul><\/div><div class=\"tab-content\"><div class=\"nav fusion-mobile-tab-nav\"><ul class=\"nav-tabs nav-justified\" role=\"tablist\"><li class=\"active\" role=\"presentation\"><a class=\"tab-link\" data-toggle=\"tab\" role=\"tab\" aria-controls=\"tab-2ddb89cd7476e414ef0\" aria-selected=\"true\" id=\"mobile-fusion-tab-administrazioetazerbitzuak\" href=\"#tab-2ddb89cd7476e414ef0\"><h4 class=\"fusion-tab-heading\"><i class=\"fontawesome-icon fa-server fas\" aria-hidden=\"true\" style=\"font-size:13px;\"><\/i>Administrazio eta Zerbitzuak<\/h4><\/a><\/li><\/ul><\/div><div class=\"tab-pane fade fusion-clearfix in active\" role=\"tabpanel\" tabindex=\"0\" aria-labelledby=\"fusion-tab-administrazioetazerbitzuak\" id=\"tab-2ddb89cd7476e414ef0\">\n<p><strong>Admisio prozesuak:<\/strong><\/p>\n<ul>\n<li>Aurreinskripzioa-matrikulazioa.<\/li>\n<li>Musika eskolendako eta hizkuntza eskolendako espezifikoa.\n<ul>\n<li>Hurrengo kurtsorako matrikulatze automatikoa (mailakako aurrerapena).<\/li>\n<li>On-line aurrematrikulazioa.<\/li>\n<\/ul>\n<\/li>\n<\/ul>\n<p><strong>Jangelaren kudeaketa<\/strong><\/p>\n<ul>\n<li>Konfigurazioa: modalitateak, taldeak, txandak<\/li>\n<li>Egunen esleipena. Iraila \/ ekaina<\/li>\n<li>Datorren kurtsoko jangelaren prestaketa<\/li>\n<li>Arduradunak, parametroak<\/li>\n<li>Datu medikoak<\/li>\n<li>Ikasleen irteerekin bat dator<\/li>\n<li>Kudeaketa ekonomikoan eta akademikoan islatzen da<\/li>\n<li><strong>Jangelako arduraduna<\/strong>\n<ul>\n<li>Beratartzeen kontrola: bazkaltiar ohikoak eta ezohikoak<\/li>\n<li>Jarraipena: jarrera &#8211; jana \u2013 garbitasuna<\/li>\n<li>Familiekin harremana: Mezularitza \u2013 gurasoen app-a<\/li>\n<li>Kontsultak: jangelako gertakariak dataren arabera<\/li>\n<li>Jokabide arauak<\/li>\n<li>Baliabideen kudeaketa<\/li>\n<\/ul>\n<\/li>\n<li>Sukalderako leihoa: kurtso eta menu araberako kantitateak<\/li>\n<\/ul>\n<p><strong>Garraioen kudeaketa<\/strong><\/p>\n<ul>\n<li>Konfigurazioa<\/li>\n<li>Arduradunak, enpresak, autobusak, ibilbideak, geltokiak\u2026<\/li>\n<li>Ibilbide ugari egun berean<\/li>\n<li>Informe pertsonalizatuak, geltokika, arduradunaren arabera, ibilbideka\u2026<\/li>\n<\/ul>\n<p><strong>Eskolaz kanpokoen kudeaketa<\/strong><\/p>\n<ul>\n<li>Konfigurazioa<\/li>\n<li>Matrikulazioa<\/li>\n<li>Mugikor edo web bitartezko matrikulazioa<\/li>\n<li>Kudeaketa ekonomikoan islatzen da<\/li>\n<li><strong>Jardueren arduraduna<\/strong>\n<ul>\n<li>Bertaratzeen kontrola<\/li>\n<li>Balorazioa<\/li>\n<li>Familia eta Barne komunikazioa: Mezularitza \u2013 gurasoen app-a<\/li>\n<\/ul>\n<\/li>\n<\/ul>\n<p><strong>Errekurtsoen kudeaketa<\/strong><\/p>\n<ul>\n<li>Guneak, Gelak, errekurtsoak<\/li>\n<li>Data tartean erreserbak<\/li>\n<\/ul>\n<p><strong>Matxuren kudeaketa<\/strong><\/p>\n<ul>\n<li>Parametrizazioa: referentzia, kokalekua<\/li>\n<li>Matxura arduraduna<\/li>\n<\/ul>\n<\/div><div class=\"nav fusion-mobile-tab-nav\"><ul class=\"nav-tabs nav-justified\" role=\"tablist\"><li role=\"presentation\"><a class=\"tab-link\" data-toggle=\"tab\" role=\"tab\" aria-controls=\"tab-b6e6d45e419d9245dc9\" aria-selected=\"false\" tabindex=\"-1\" id=\"mobile-fusion-tab-kudeaketaekonomikoa\" href=\"#tab-b6e6d45e419d9245dc9\"><h4 class=\"fusion-tab-heading\"><i class=\"fontawesome-icon fa-align-justify fas\" aria-hidden=\"true\" style=\"font-size:13px;\"><\/i>Kudeaketa ekonomikoa<\/h4><\/a><\/li><\/ul><\/div><div class=\"tab-pane fade fusion-clearfix\" role=\"tabpanel\" tabindex=\"0\" aria-labelledby=\"fusion-tab-kudeaketaekonomikoa\" id=\"tab-b6e6d45e419d9245dc9\">\n<h4><strong>Modu azkar eta eraginkorrean kudeatu zure ikastetxea<\/strong><\/h4>\n<ul>\n<li>Fakturazio planifikatua\n<ul>\n<li>Hileroko sarreren aurreikuspena kurtsoaren hasieratik<\/li>\n<\/ul>\n<\/li>\n<li>Behin-behineko erreziboen eraketa eta kontzeptu ekonomikoen ezarpena sailka<\/li>\n<li>Deskontuak \/ ordaintzeko modalitateak<\/li>\n<li>Errezibo eta fakturen eraketa\n<ul>\n<li>SEPA sistemara egokitua<\/li>\n<li>Bankuko itzuleren tratamendua<\/li>\n<\/ul>\n<\/li>\n<li>Kobraketen kontrola eta jarraipena<\/li>\n<li>Kontularitzarekin lotura: a3ERP eta a3innuva -rekin uztartzea<\/li>\n<li>Jangelaren kudeaketarekin bat egiten du\n<ul>\n<li>Kudeaketa akademikoan automatikoki islatzen da<\/li>\n<\/ul>\n<\/li>\n<li>Eskolaz kanpokoen kudeaketa\n<ul>\n<li>Kudeaketa akademikoan automatikoki islatzen da<\/li>\n<\/ul>\n<\/li>\n<li>Garraioen kudeaketa\n<ul>\n<li>Kudeaketa akademikoan automatikoki islatzen da<\/li>\n<\/ul>\n<\/li>\n<li>Dokumentazioa\n<ul>\n<li>Mota guztietako informe pertsonalizatuen eraketa. Ordaingabeak, salmentak, zerrenda pertsonalizatuak\u2026<\/li>\n<\/ul>\n<\/li>\n<\/ul>\n<div class=\"fusion-slider-sc fusion-flexslider-loading flexslider flexslider-hover-type-none\" data-slideshow_autoplay=\"1\" data-slideshow_smooth_height=\"0\" data-slideshow_speed=\"7000\" style=\"max-width:100%;height:100%;\"><ul class=\"slides\"><li class=\"image\"><span class=\"fusion-image-hover-element hover-type-none\"><img decoding=\"async\" src=\"https:\/\/inika.net\/wp-content\/uploads\/2019\/02\/ECO-1.jpg\" width=\"1649\" height=\"850\" class=\"wp-image-2631\" srcset=\"https:\/\/inika.net\/wp-content\/uploads\/2019\/02\/ECO-1-200x103.jpg 200w, https:\/\/inika.net\/wp-content\/uploads\/2019\/02\/ECO-1-400x206.jpg 400w, https:\/\/inika.net\/wp-content\/uploads\/2019\/02\/ECO-1-600x309.jpg 600w, https:\/\/inika.net\/wp-content\/uploads\/2019\/02\/ECO-1-800x412.jpg 800w, https:\/\/inika.net\/wp-content\/uploads\/2019\/02\/ECO-1-1200x619.jpg 1200w, https:\/\/inika.net\/wp-content\/uploads\/2019\/02\/ECO-1.jpg 1649w\" sizes=\"(max-width: 800px) 100vw, 1200px\" \/><\/span><\/li><li class=\"image\"><span class=\"fusion-image-hover-element hover-type-none\"><img decoding=\"async\" src=\"https:\/\/inika.net\/wp-content\/uploads\/2019\/02\/ECO-2.jpg\" width=\"1659\" height=\"958\" class=\"wp-image-2633\" srcset=\"https:\/\/inika.net\/wp-content\/uploads\/2019\/02\/ECO-2-200x115.jpg 200w, https:\/\/inika.net\/wp-content\/uploads\/2019\/02\/ECO-2-400x231.jpg 400w, https:\/\/inika.net\/wp-content\/uploads\/2019\/02\/ECO-2-600x346.jpg 600w, https:\/\/inika.net\/wp-content\/uploads\/2019\/02\/ECO-2-800x462.jpg 800w, https:\/\/inika.net\/wp-content\/uploads\/2019\/02\/ECO-2-1200x693.jpg 1200w, https:\/\/inika.net\/wp-content\/uploads\/2019\/02\/ECO-2.jpg 1659w\" sizes=\"(max-width: 800px) 100vw, 1200px\" \/><\/span><\/li><li class=\"image\"><span class=\"fusion-image-hover-element hover-type-none\"><img decoding=\"async\" src=\"https:\/\/inika.net\/wp-content\/uploads\/2019\/02\/A3-1.jpg\" width=\"1656\" height=\"907\" class=\"wp-image-2527\" srcset=\"https:\/\/inika.net\/wp-content\/uploads\/2019\/02\/A3-1-200x110.jpg 200w, https:\/\/inika.net\/wp-content\/uploads\/2019\/02\/A3-1-400x219.jpg 400w, https:\/\/inika.net\/wp-content\/uploads\/2019\/02\/A3-1-600x329.jpg 600w, https:\/\/inika.net\/wp-content\/uploads\/2019\/02\/A3-1-800x438.jpg 800w, https:\/\/inika.net\/wp-content\/uploads\/2019\/02\/A3-1-1200x657.jpg 1200w, https:\/\/inika.net\/wp-content\/uploads\/2019\/02\/A3-1.jpg 1656w\" sizes=\"(max-width: 800px) 100vw, 1200px\" \/><\/span><\/li><li class=\"image\"><span class=\"fusion-image-hover-element hover-type-none\"><img decoding=\"async\" src=\"https:\/\/inika.net\/wp-content\/uploads\/2019\/02\/A3-2.jpg\" width=\"1583\" height=\"810\" class=\"wp-image-2666\" srcset=\"https:\/\/inika.net\/wp-content\/uploads\/2019\/02\/A3-2-200x102.jpg 200w, https:\/\/inika.net\/wp-content\/uploads\/2019\/02\/A3-2-400x205.jpg 400w, https:\/\/inika.net\/wp-content\/uploads\/2019\/02\/A3-2-600x307.jpg 600w, https:\/\/inika.net\/wp-content\/uploads\/2019\/02\/A3-2-800x409.jpg 800w, https:\/\/inika.net\/wp-content\/uploads\/2019\/02\/A3-2-1200x614.jpg 1200w, https:\/\/inika.net\/wp-content\/uploads\/2019\/02\/A3-2.jpg 1583w\" sizes=\"(max-width: 800px) 100vw, 1200px\" \/><\/span><\/li><\/ul><\/div>\n<\/div><\/div><\/div><div class=\"fusion-clearfix\"><\/div><\/div><\/div><div class=\"fusion-layout-column fusion_builder_column fusion-builder-column-3 fusion_builder_column_1_4 1_4 fusion-one-fourth fusion-column-last\" style=\"--awb-bg-size:cover;width:25%;width:calc(25% - ( ( 4% ) * 0.25 ) );\"><div class=\"fusion-column-wrapper fusion-flex-column-wrapper-legacy\"><div class=\"fusion-image-element in-legacy-container\" style=\"--awb-caption-title-font-family:var(--h2_typography-font-family);--awb-caption-title-font-weight:var(--h2_typography-font-weight);--awb-caption-title-font-style:var(--h2_typography-font-style);--awb-caption-title-size:var(--h2_typography-font-size);--awb-caption-title-transform:var(--h2_typography-text-transform);--awb-caption-title-line-height:var(--h2_typography-line-height);--awb-caption-title-letter-spacing:var(--h2_typography-letter-spacing);\"><span class=\" fusion-imageframe imageframe-none imageframe-1 hover-type-none\"><img decoding=\"async\" width=\"400\" height=\"267\" title=\"Gesti\u00f3n Acad\u00e9mica\" src=\"https:\/\/inika.net\/wp-content\/uploads\/2018\/07\/gestion-academica-tx.jpg\" alt class=\"img-responsive wp-image-505\" srcset=\"https:\/\/inika.net\/wp-content\/uploads\/2018\/07\/gestion-academica-tx-200x134.jpg 200w, https:\/\/inika.net\/wp-content\/uploads\/2018\/07\/gestion-academica-tx.jpg 400w\" sizes=\"(max-width: 800px) 100vw, 400px\" \/><\/span><\/div><div class=\"fusion-title title fusion-title-4 sep-underline sep-solid fusion-title-center fusion-title-text fusion-title-size-two tituloquees\"><h2 class=\"fusion-title-heading title-heading-center\" style=\"margin:0;\">Kudeaketa akademikoa<\/h2><\/div><div class=\"fusion-sep-clear\"><\/div><div class=\"fusion-separator fusion-full-width-sep\" style=\"margin-left: auto;margin-right: auto;margin-top:20px;width:100%;\"><\/div><div class=\"fusion-sep-clear\"><\/div><div class=\"fusion-aligncenter\"><a class=\"fusion-button button-flat button-large button-default fusion-button-default button-1 fusion-button-default-span fusion-button-default-type\" target=\"_self\" href=\"https:\/\/www.inika.net\/zer-da-inika\/kudeaketa-akademikoa\/?lang=eu\"><span class=\"fusion-button-text awb-button__text awb-button__text--default\">Gehiago irakurri<\/span><\/a><\/div><div class=\"fusion-sep-clear\"><\/div><div class=\"fusion-separator fusion-full-width-sep\" style=\"margin-left: auto;margin-right: auto;margin-top:20px;width:100%;\"><\/div><div class=\"fusion-sep-clear\"><\/div><div class=\"fusion-image-element in-legacy-container\" style=\"--awb-caption-title-font-family:var(--h2_typography-font-family);--awb-caption-title-font-weight:var(--h2_typography-font-weight);--awb-caption-title-font-style:var(--h2_typography-font-style);--awb-caption-title-size:var(--h2_typography-font-size);--awb-caption-title-transform:var(--h2_typography-text-transform);--awb-caption-title-line-height:var(--h2_typography-line-height);--awb-caption-title-letter-spacing:var(--h2_typography-letter-spacing);\"><span class=\" fusion-imageframe imageframe-none imageframe-2 hover-type-none\"><img decoding=\"async\" width=\"400\" height=\"267\" title=\"Aprendizaje. EVA\" src=\"https:\/\/inika.net\/wp-content\/uploads\/2018\/07\/aprendizaje-tx.jpg\" alt class=\"img-responsive wp-image-508\" srcset=\"https:\/\/inika.net\/wp-content\/uploads\/2018\/07\/aprendizaje-tx-200x134.jpg 200w, https:\/\/inika.net\/wp-content\/uploads\/2018\/07\/aprendizaje-tx.jpg 400w\" sizes=\"(max-width: 800px) 100vw, 400px\" \/><\/span><\/div><div class=\"fusion-title title fusion-title-5 sep-underline sep-solid fusion-title-center fusion-title-text fusion-title-size-two tituloquees\"><h2 class=\"fusion-title-heading title-heading-center\" style=\"margin:0;\">LMS ingurunea<\/h2><\/div><div class=\"fusion-sep-clear\"><\/div><div class=\"fusion-separator fusion-full-width-sep\" style=\"margin-left: auto;margin-right: auto;margin-top:20px;width:100%;\"><\/div><div class=\"fusion-sep-clear\"><\/div><div class=\"fusion-aligncenter\"><a class=\"fusion-button button-flat button-large button-default fusion-button-default button-2 fusion-button-default-span fusion-button-default-type\" target=\"_self\" href=\"https:\/\/www.inika.net\/eu\/zer-da-inika\/ikasketak-eva\/\"><span class=\"fusion-button-text awb-button__text awb-button__text--default\">Gehiago irakurri<\/span><\/a><\/div><div class=\"fusion-sep-clear\"><\/div><div class=\"fusion-separator fusion-full-width-sep\" style=\"margin-left: auto;margin-right: auto;margin-top:20px;width:100%;\"><\/div><div class=\"fusion-sep-clear\"><\/div><div class=\"fusion-image-element in-legacy-container\" style=\"--awb-caption-title-font-family:var(--h2_typography-font-family);--awb-caption-title-font-weight:var(--h2_typography-font-weight);--awb-caption-title-font-style:var(--h2_typography-font-style);--awb-caption-title-size:var(--h2_typography-font-size);--awb-caption-title-transform:var(--h2_typography-text-transform);--awb-caption-title-line-height:var(--h2_typography-line-height);--awb-caption-title-letter-spacing:var(--h2_typography-letter-spacing);\"><span class=\" fusion-imageframe imageframe-none imageframe-3 hover-type-none\"><img decoding=\"async\" width=\"400\" height=\"267\" title=\"Comunicaci\u00f3n\" src=\"https:\/\/inika.net\/wp-content\/uploads\/2018\/07\/comunicacion-tx.jpg\" alt class=\"img-responsive wp-image-507\" srcset=\"https:\/\/inika.net\/wp-content\/uploads\/2018\/07\/comunicacion-tx-200x134.jpg 200w, https:\/\/inika.net\/wp-content\/uploads\/2018\/07\/comunicacion-tx.jpg 400w\" sizes=\"(max-width: 800px) 100vw, 400px\" \/><\/span><\/div><div class=\"fusion-title title fusion-title-6 sep-underline sep-solid fusion-title-center fusion-title-text fusion-title-size-two tituloquees\"><h2 class=\"fusion-title-heading title-heading-center\" style=\"margin:0;\">Komunikazioa<\/h2><\/div><div class=\"fusion-sep-clear\"><\/div><div class=\"fusion-separator fusion-full-width-sep\" style=\"margin-left: auto;margin-right: auto;margin-top:20px;width:100%;\"><\/div><div class=\"fusion-sep-clear\"><\/div><div class=\"fusion-aligncenter\"><a class=\"fusion-button button-flat button-large button-default fusion-button-default button-3 fusion-button-default-span fusion-button-default-type\" target=\"_self\" href=\"https:\/\/www.inika.net\/eu\/zer-da-inika\/komunikazioa\/\"><span class=\"fusion-button-text awb-button__text awb-button__text--default\">Gehiago irakurri<\/span><\/a><\/div><div class=\"fusion-clearfix\"><\/div><\/div><\/div><div class=\"fusion-layout-column fusion_builder_column fusion-builder-column-4 fusion_builder_column_1_6 1_6 fusion-one-sixth fusion-column-first\" style=\"--awb-bg-size:cover;width:16.666666666667%;width:calc(16.666666666667% - ( ( 4% ) * 0.16666666666667 ) );margin-right: 4%;\"><div class=\"fusion-column-wrapper fusion-flex-column-wrapper-legacy\"><div class=\"fusion-clearfix\"><\/div><\/div><\/div><\/div><\/div><\/p>\n","protected":false},"excerpt":{"rendered":"","protected":false},"author":1,"featured_media":0,"parent":635,"menu_order":0,"comment_status":"closed","ping_status":"closed","template":"","meta":{"footnotes":""},"class_list":["post-654","page","type-page","status-publish","hentry"],"yoast_head":"<!-- This site is optimized with the Yoast SEO plugin v26.5 - https:\/\/yoast.com\/wordpress\/plugins\/seo\/ -->\n<title>Administrazioaren kudeaketa - Inika - Software de gesti\u00f3n acad\u00e9mica<\/title>\n<meta name=\"robots\" content=\"index, follow, max-snippet:-1, max-image-preview:large, max-video-preview:-1\" \/>\n<link rel=\"canonical\" href=\"https:\/\/inika.net\/eu\/zer-da-inika\/administrazioaren-kudeaketa\/\" \/>\n<meta property=\"og:locale\" content=\"eu_ES\" \/>\n<meta property=\"og:type\" content=\"article\" \/>\n<meta property=\"og:title\" content=\"Administrazioaren kudeaketa - Inika - Software de gesti\u00f3n acad\u00e9mica\" \/>\n<meta property=\"og:url\" content=\"https:\/\/inika.net\/eu\/zer-da-inika\/administrazioaren-kudeaketa\/\" \/>\n<meta property=\"og:site_name\" content=\"Inika - Software de gesti\u00f3n acad\u00e9mica\" \/>\n<meta property=\"article:modified_time\" content=\"2019-09-11T16:17:54+00:00\" \/>\n<meta name=\"twitter:card\" content=\"summary_large_image\" \/>\n<meta name=\"twitter:label1\" content=\"Est. reading time\" \/>\n\t<meta name=\"twitter:data1\" content=\"9 minutes\" \/>\n<script type=\"application\/ld+json\" class=\"yoast-schema-graph\">{\"@context\":\"https:\/\/schema.org\",\"@graph\":[{\"@type\":\"WebPage\",\"@id\":\"https:\/\/inika.net\/eu\/zer-da-inika\/administrazioaren-kudeaketa\/\",\"url\":\"https:\/\/inika.net\/eu\/zer-da-inika\/administrazioaren-kudeaketa\/\",\"name\":\"Administrazioaren kudeaketa - Inika - Software de gesti\u00f3n acad\u00e9mica\",\"isPartOf\":{\"@id\":\"https:\/\/inika.net\/#website\"},\"datePublished\":\"2018-09-26T07:48:05+00:00\",\"dateModified\":\"2019-09-11T16:17:54+00:00\",\"breadcrumb\":{\"@id\":\"https:\/\/inika.net\/eu\/zer-da-inika\/administrazioaren-kudeaketa\/#breadcrumb\"},\"inLanguage\":\"eu-ES\",\"potentialAction\":[{\"@type\":\"ReadAction\",\"target\":[\"https:\/\/inika.net\/eu\/zer-da-inika\/administrazioaren-kudeaketa\/\"]}]},{\"@type\":\"BreadcrumbList\",\"@id\":\"https:\/\/inika.net\/eu\/zer-da-inika\/administrazioaren-kudeaketa\/#breadcrumb\",\"itemListElement\":[{\"@type\":\"ListItem\",\"position\":1,\"name\":\"Zer da Inika\",\"item\":\"https:\/\/inika.net\/eu\/zer-da-inika\/\"},{\"@type\":\"ListItem\",\"position\":2,\"name\":\"Administrazioaren kudeaketa\"}]},{\"@type\":\"WebSite\",\"@id\":\"https:\/\/inika.net\/#website\",\"url\":\"https:\/\/inika.net\/\",\"name\":\"Inika - Software de gesti\u00f3n acad\u00e9mica\",\"description\":\"Inika es el software de gesti\u00f3n acad\u00e9mica, una soluci\u00f3n integral para centros de ense\u00f1anza.\",\"potentialAction\":[{\"@type\":\"SearchAction\",\"target\":{\"@type\":\"EntryPoint\",\"urlTemplate\":\"https:\/\/inika.net\/?s={search_term_string}\"},\"query-input\":{\"@type\":\"PropertyValueSpecification\",\"valueRequired\":true,\"valueName\":\"search_term_string\"}}],\"inLanguage\":\"eu-ES\"}]}<\/script>\n<!-- \/ Yoast SEO plugin. -->","yoast_head_json":{"title":"Administrazioaren kudeaketa - Inika - Software de gesti\u00f3n acad\u00e9mica","robots":{"index":"index","follow":"follow","max-snippet":"max-snippet:-1","max-image-preview":"max-image-preview:large","max-video-preview":"max-video-preview:-1"},"canonical":"https:\/\/inika.net\/eu\/zer-da-inika\/administrazioaren-kudeaketa\/","og_locale":"eu_ES","og_type":"article","og_title":"Administrazioaren kudeaketa - Inika - Software de gesti\u00f3n acad\u00e9mica","og_url":"https:\/\/inika.net\/eu\/zer-da-inika\/administrazioaren-kudeaketa\/","og_site_name":"Inika - Software de gesti\u00f3n acad\u00e9mica","article_modified_time":"2019-09-11T16:17:54+00:00","twitter_card":"summary_large_image","twitter_misc":{"Est. reading time":"9 minutes"},"schema":{"@context":"https:\/\/schema.org","@graph":[{"@type":"WebPage","@id":"https:\/\/inika.net\/eu\/zer-da-inika\/administrazioaren-kudeaketa\/","url":"https:\/\/inika.net\/eu\/zer-da-inika\/administrazioaren-kudeaketa\/","name":"Administrazioaren kudeaketa - Inika - Software de gesti\u00f3n acad\u00e9mica","isPartOf":{"@id":"https:\/\/inika.net\/#website"},"datePublished":"2018-09-26T07:48:05+00:00","dateModified":"2019-09-11T16:17:54+00:00","breadcrumb":{"@id":"https:\/\/inika.net\/eu\/zer-da-inika\/administrazioaren-kudeaketa\/#breadcrumb"},"inLanguage":"eu-ES","potentialAction":[{"@type":"ReadAction","target":["https:\/\/inika.net\/eu\/zer-da-inika\/administrazioaren-kudeaketa\/"]}]},{"@type":"BreadcrumbList","@id":"https:\/\/inika.net\/eu\/zer-da-inika\/administrazioaren-kudeaketa\/#breadcrumb","itemListElement":[{"@type":"ListItem","position":1,"name":"Zer da Inika","item":"https:\/\/inika.net\/eu\/zer-da-inika\/"},{"@type":"ListItem","position":2,"name":"Administrazioaren kudeaketa"}]},{"@type":"WebSite","@id":"https:\/\/inika.net\/#website","url":"https:\/\/inika.net\/","name":"Inika - Software de gesti\u00f3n acad\u00e9mica","description":"Inika es el software de gesti\u00f3n acad\u00e9mica, una soluci\u00f3n integral para centros de ense\u00f1anza.","potentialAction":[{"@type":"SearchAction","target":{"@type":"EntryPoint","urlTemplate":"https:\/\/inika.net\/?s={search_term_string}"},"query-input":{"@type":"PropertyValueSpecification","valueRequired":true,"valueName":"search_term_string"}}],"inLanguage":"eu-ES"}]}},"_links":{"self":[{"href":"https:\/\/inika.net\/eu\/wp-json\/wp\/v2\/pages\/654","targetHints":{"allow":["GET"]}}],"collection":[{"href":"https:\/\/inika.net\/eu\/wp-json\/wp\/v2\/pages"}],"about":[{"href":"https:\/\/inika.net\/eu\/wp-json\/wp\/v2\/types\/page"}],"author":[{"embeddable":true,"href":"https:\/\/inika.net\/eu\/wp-json\/wp\/v2\/users\/1"}],"replies":[{"embeddable":true,"href":"https:\/\/inika.net\/eu\/wp-json\/wp\/v2\/comments?post=654"}],"version-history":[{"count":11,"href":"https:\/\/inika.net\/eu\/wp-json\/wp\/v2\/pages\/654\/revisions"}],"predecessor-version":[{"id":3177,"href":"https:\/\/inika.net\/eu\/wp-json\/wp\/v2\/pages\/654\/revisions\/3177"}],"up":[{"embeddable":true,"href":"https:\/\/inika.net\/eu\/wp-json\/wp\/v2\/pages\/635"}],"wp:attachment":[{"href":"https:\/\/inika.net\/eu\/wp-json\/wp\/v2\/media?parent=654"}],"curies":[{"name":"wp","href":"https:\/\/api.w.org\/{rel}","templated":true}]}}