{"id":3151,"date":"2019-09-11T14:45:34","date_gmt":"2019-09-11T14:45:34","guid":{"rendered":"https:\/\/www.inika.net\/?page_id=3151"},"modified":"2022-02-01T12:05:19","modified_gmt":"2022-02-01T12:05:19","slug":"produktuak","status":"publish","type":"page","link":"https:\/\/inika.net\/eu\/ikastetxeak\/produktuak\/","title":{"rendered":"Produktuak"},"content":{"rendered":"<div class=\"fusion-fullwidth fullwidth-box fusion-builder-row-1 nonhundred-percent-fullwidth non-hundred-percent-height-scrolling fusion-equal-height-columns\" style=\"--awb-border-radius-top-left:0px;--awb-border-radius-top-right:0px;--awb-border-radius-bottom-right:0px;--awb-border-radius-bottom-left:0px;--awb-padding-top:55px;--awb-padding-bottom:40px;--awb-background-color:#eeeeee;--awb-flex-wrap:wrap;\" ><div class=\"fusion-builder-row fusion-row\"><div class=\"fusion-layout-column fusion_builder_column fusion-builder-column-0 fusion_builder_column_1_1 1_1 fusion-one-full fusion-column-first fusion-column-last fusion-column-no-min-height\" style=\"--awb-bg-size:cover;\"><div class=\"fusion-column-wrapper fusion-flex-column-wrapper-legacy\"><div class=\"fusion-title title fusion-title-1 fusion-sep-none fusion-title-center fusion-title-text fusion-title-size-two titulohome\"><h2 class=\"fusion-title-heading title-heading-center\" style=\"margin:0;\"><h2 class=\"title-heading-center\">Produktuak<\/h2><\/h2><\/div><div class=\"fusion-sep-clear\"><\/div><div class=\"fusion-separator\" style=\"margin-left: auto;margin-right: auto;margin-bottom:30px;width:100%;max-width:100px;\"><div class=\"fusion-separator-border sep-single sep-solid\" style=\"--awb-height:20px;--awb-amount:20px;--awb-sep-color:#f47920;border-color:#f47920;border-top-width:2px;\"><\/div><\/div><div class=\"fusion-sep-clear\"><\/div><div class=\"fusion-clearfix\"><\/div><\/div><\/div><div class=\"fusion-layout-column fusion_builder_column fusion-builder-column-1 fusion_builder_column_1_3 1_3 fusion-one-third fusion-column-first\" style=\"--awb-bg-color:#ffffff;--awb-bg-color-hover:#ffffff;--awb-bg-size:cover;--awb-margin-bottom:10px;width:33.333333333333%;width:calc(33.333333333333% - ( ( 4% + 4% ) * 0.33333333333333 ) );margin-right: 4%;\"><div class=\"fusion-column-wrapper fusion-flex-column-wrapper-legacy\"><div class=\"fusion-image-element fusion-image-align-center in-legacy-container\" style=\"text-align:center;--awb-caption-title-font-family:var(--h2_typography-font-family);--awb-caption-title-font-weight:var(--h2_typography-font-weight);--awb-caption-title-font-style:var(--h2_typography-font-style);--awb-caption-title-size:var(--h2_typography-font-size);--awb-caption-title-transform:var(--h2_typography-text-transform);--awb-caption-title-line-height:var(--h2_typography-line-height);--awb-caption-title-letter-spacing:var(--h2_typography-letter-spacing);\"><div class=\"imageframe-align-center\"><span class=\" fusion-imageframe imageframe-none imageframe-1 hover-type-none\" style=\"border:1px solid #f6f6f6;\"><img decoding=\"async\" width=\"565\" height=\"265\" title=\"A3_3\" src=\"https:\/\/inika.net\/wp-content\/uploads\/2019\/10\/A3_3-1.jpg\" alt class=\"img-responsive wp-image-3538\" srcset=\"https:\/\/inika.net\/wp-content\/uploads\/2019\/10\/A3_3-1-200x94.jpg 200w, https:\/\/inika.net\/wp-content\/uploads\/2019\/10\/A3_3-1-400x188.jpg 400w, https:\/\/inika.net\/wp-content\/uploads\/2019\/10\/A3_3-1.jpg 565w\" sizes=\"(max-width: 800px) 100vw, 565px\" \/><\/span><\/div><\/div><div class=\"fusion-title title fusion-title-2 sep-underline sep-solid fusion-title-center fusion-title-text fusion-title-size-two tituloquees\"><h2 class=\"fusion-title-heading title-heading-center\" style=\"margin:0;\">a3 ERP contabilidad<\/h2><\/div><div class=\"fusion-text fusion-text-1 justificadoquees\"><ul>\n<li style=\"text-align: left;\"><strong>Inika se integra con A3 ERP<\/strong><\/li>\n<li style=\"text-align: left;\">gracias a lo cual, obtenemos al momento una visi\u00f3n clara del estado contable de tu negocio<\/li>\n<li style=\"text-align: left;\">con un cuadro de mandos personalizable con los indicadores clave.<\/li>\n<li style=\"text-align: left;\">Introduce, consulta y edita asientos contables de forma \u00e1gil<\/li>\n<li style=\"text-align: left;\">genera balances u otros informes al momento.<\/li>\n<\/ul>\n<\/div><div class=\"fusion-aligncenter\"><a class=\"fusion-button button-flat button-large button-default fusion-button-default button-1 fusion-button-default-span fusion-button-default-type\" target=\"_blank\" rel=\"noopener noreferrer\" href=\"https:\/\/www.ukabi.com\/software-de-gestion\/a3innuva-contabilidad\/\"><span class=\"fusion-button-text awb-button__text awb-button__text--default\">Leer m\u00e1s<\/span><\/a><\/div><div class=\"fusion-sep-clear\"><\/div><div class=\"fusion-separator fusion-full-width-sep\" style=\"margin-left: auto;margin-right: auto;margin-top:20px;width:100%;\"><\/div><div class=\"fusion-sep-clear\"><\/div><div class=\"fusion-clearfix\"><\/div><\/div><\/div><div class=\"fusion-layout-column fusion_builder_column fusion-builder-column-2 fusion_builder_column_1_3 1_3 fusion-one-third\" style=\"--awb-bg-color:#ffffff;--awb-bg-color-hover:#ffffff;--awb-bg-size:cover;--awb-margin-bottom:10px;width:33.333333333333%;width:calc(33.333333333333% - ( ( 4% + 4% ) * 0.33333333333333 ) );margin-right: 4%;\"><div class=\"fusion-column-wrapper fusion-flex-column-wrapper-legacy\"><div class=\"fusion-image-element fusion-image-align-center in-legacy-container\" style=\"text-align:center;--awb-caption-title-font-family:var(--h2_typography-font-family);--awb-caption-title-font-weight:var(--h2_typography-font-weight);--awb-caption-title-font-style:var(--h2_typography-font-style);--awb-caption-title-size:var(--h2_typography-font-size);--awb-caption-title-transform:var(--h2_typography-text-transform);--awb-caption-title-line-height:var(--h2_typography-line-height);--awb-caption-title-letter-spacing:var(--h2_typography-letter-spacing);\"><div class=\"imageframe-align-center\"><span class=\" fusion-imageframe imageframe-none imageframe-2 hover-type-none\"><img decoding=\"async\" width=\"565\" height=\"265\" alt=\"Sitio-Web\" title=\"Sitio-Web\" src=\"https:\/\/inika.net\/wp-content\/uploads\/2019\/09\/Sitio-Web.jpg\" class=\"img-responsive wp-image-3232\" srcset=\"https:\/\/inika.net\/wp-content\/uploads\/2019\/09\/Sitio-Web-200x94.jpg 200w, https:\/\/inika.net\/wp-content\/uploads\/2019\/09\/Sitio-Web-400x188.jpg 400w, https:\/\/inika.net\/wp-content\/uploads\/2019\/09\/Sitio-Web.jpg 565w\" sizes=\"(max-width: 800px) 100vw, 565px\" \/><\/span><\/div><\/div><div class=\"fusion-title title fusion-title-3 sep-underline sep-solid fusion-title-center fusion-title-text fusion-title-size-two tituloquees\"><h2 class=\"fusion-title-heading title-heading-center\" style=\"margin:0;\">Sitio Web<\/h2><\/div><div class=\"fusion-text fusion-text-2 justificadoquees\"><ul>\n<li style=\"text-align: left;\"><strong>Dise\u00f1amos el portal web para tu centro de ense\u00f1anza.<\/strong><\/li>\n<li style=\"text-align: left;\">Escuelas, Colegios, Institutos, Academias de idiomas, m\u00fasica y baile.<\/li>\n<li style=\"text-align: left;\">Proyectos llave en mano totalmente ideados y adaptados a cada centro.<\/li>\n<li style=\"text-align: left;\">Desarrollo de m\u00f3dulos para realizar pruebas de conocimiento, m\u00f3dulos de gesti\u00f3n de comedor, docutecas, campa\u00f1as, agenda, multimedia y un gran etc.<\/li>\n<\/ul>\n<\/div><div class=\"fusion-sep-clear\"><\/div><div class=\"fusion-separator fusion-full-width-sep\" style=\"margin-left: auto;margin-right: auto;margin-top:20px;width:100%;\"><\/div><div class=\"fusion-sep-clear\"><\/div><div class=\"fusion-aligncenter\"><a class=\"fusion-button button-flat button-large button-default fusion-button-default button-2 fusion-button-default-span fusion-button-default-type\" target=\"_blank\" rel=\"noopener noreferrer\" href=\"https:\/\/elkarmedia.eus\/teknologiak-hezkuntzan\/\"><span class=\"fusion-button-text awb-button__text awb-button__text--default\">Leer m\u00e1s<\/span><\/a><\/div><div class=\"fusion-sep-clear\"><\/div><div class=\"fusion-separator fusion-full-width-sep\" style=\"margin-left: auto;margin-right: auto;margin-top:20px;width:100%;\"><\/div><div class=\"fusion-sep-clear\"><\/div><div class=\"fusion-clearfix\"><\/div><\/div><\/div><div class=\"fusion-layout-column fusion_builder_column fusion-builder-column-3 fusion_builder_column_1_3 1_3 fusion-one-third fusion-column-last\" style=\"--awb-bg-color:#ffffff;--awb-bg-color-hover:#ffffff;--awb-bg-size:cover;--awb-margin-bottom:10px;width:33.333333333333%;width:calc(33.333333333333% - ( ( 4% + 4% ) * 0.33333333333333 ) );\"><div class=\"fusion-column-wrapper fusion-flex-column-wrapper-legacy\"><div class=\"fusion-image-element fusion-image-align-center in-legacy-container\" style=\"text-align:center;--awb-caption-title-font-family:var(--h2_typography-font-family);--awb-caption-title-font-weight:var(--h2_typography-font-weight);--awb-caption-title-font-style:var(--h2_typography-font-style);--awb-caption-title-size:var(--h2_typography-font-size);--awb-caption-title-transform:var(--h2_typography-text-transform);--awb-caption-title-line-height:var(--h2_typography-line-height);--awb-caption-title-letter-spacing:var(--h2_typography-letter-spacing);\"><div class=\"imageframe-align-center\"><span class=\" fusion-imageframe imageframe-none imageframe-3 hover-type-none\"><img decoding=\"async\" width=\"565\" height=\"265\" alt=\"Inika-Servicios-e-commerce\" title=\"Inika-Servicios-e-commerce\" src=\"https:\/\/inika.net\/wp-content\/uploads\/2019\/09\/Inika-Servicios-e-commerce.jpg\" class=\"img-responsive wp-image-3317\" srcset=\"https:\/\/inika.net\/wp-content\/uploads\/2019\/09\/Inika-Servicios-e-commerce-200x94.jpg 200w, https:\/\/inika.net\/wp-content\/uploads\/2019\/09\/Inika-Servicios-e-commerce-400x188.jpg 400w, https:\/\/inika.net\/wp-content\/uploads\/2019\/09\/Inika-Servicios-e-commerce.jpg 565w\" sizes=\"(max-width: 800px) 100vw, 565px\" \/><\/span><\/div><\/div><div class=\"fusion-title title fusion-title-4 sep-underline sep-solid fusion-title-center fusion-title-text fusion-title-size-two tituloquees\"><h2 class=\"fusion-title-heading title-heading-center\" style=\"margin:0;\">e-Commerce<\/h2><\/div><div class=\"fusion-text fusion-text-3 justificadoquees\"><ul>\n<li style=\"text-align: left;\"><span id=\":j9.co\" class=\"tL8wMe EMoHub\" dir=\"ltr\"><strong>Implantaci\u00f3n de Tiendas online<\/strong> <\/span><\/li>\n<li style=\"text-align: left;\"><span id=\":j9.co\" class=\"tL8wMe EMoHub\" dir=\"ltr\">compra de libros de texto, uniformes, equipaci\u00f3n deportiva, material did\u00e1ctico&#8230; <\/span><\/li>\n<li style=\"text-align: left;\"><span id=\":j9.co\" class=\"tL8wMe EMoHub\" dir=\"ltr\">con un completo panel de administraci\u00f3n de f\u00e1cil manejo, cestas de compra r\u00e1pidas, accesibles<\/span><\/li>\n<li style=\"text-align: left;\"><span id=\":j9.co\" class=\"tL8wMe EMoHub\" dir=\"ltr\">pago por VISA, PAYPAL, Contrareembolso y Transferencia bancaria.<\/span><\/li>\n<\/ul>\n<\/div><div class=\"fusion-sep-clear\"><\/div><div class=\"fusion-separator fusion-full-width-sep\" style=\"margin-left: auto;margin-right: auto;margin-top:20px;width:100%;\"><\/div><div class=\"fusion-sep-clear\"><\/div><div class=\"fusion-aligncenter\"><a class=\"fusion-button button-flat button-large button-default fusion-button-default button-3 fusion-button-default-span fusion-button-default-type\" target=\"_self\" href=\"https:\/\/www.inika.net\/servicios\/ecommerce\"><span class=\"fusion-button-text awb-button__text awb-button__text--default\">Leer m\u00e1s<\/span><\/a><\/div><div class=\"fusion-sep-clear\"><\/div><div class=\"fusion-separator fusion-full-width-sep\" style=\"margin-left: auto;margin-right: auto;margin-top:20px;width:100%;\"><\/div><div class=\"fusion-sep-clear\"><\/div><div class=\"fusion-clearfix\"><\/div><\/div><\/div><\/div><\/div>\n","protected":false},"excerpt":{"rendered":"","protected":false},"author":2,"featured_media":0,"parent":635,"menu_order":0,"comment_status":"closed","ping_status":"closed","template":"","meta":{"footnotes":""},"class_list":["post-3151","page","type-page","status-publish","hentry"],"yoast_head":"<!-- This site is optimized with the Yoast SEO plugin v26.5 - https:\/\/yoast.com\/wordpress\/plugins\/seo\/ -->\n<title>Produktuak - Inika - Software de gesti\u00f3n acad\u00e9mica<\/title>\n<meta name=\"robots\" content=\"index, follow, max-snippet:-1, max-image-preview:large, max-video-preview:-1\" \/>\n<link rel=\"canonical\" href=\"https:\/\/inika.net\/eu\/produktuak\/\" \/>\n<meta property=\"og:locale\" content=\"eu_ES\" \/>\n<meta property=\"og:type\" content=\"article\" \/>\n<meta property=\"og:title\" content=\"Produktuak - Inika - Software de gesti\u00f3n acad\u00e9mica\" \/>\n<meta property=\"og:url\" content=\"https:\/\/inika.net\/eu\/produktuak\/\" \/>\n<meta property=\"og:site_name\" content=\"Inika - Software de gesti\u00f3n acad\u00e9mica\" \/>\n<meta property=\"article:modified_time\" content=\"2022-02-01T12:05:19+00:00\" \/>\n<meta name=\"twitter:card\" content=\"summary_large_image\" \/>\n<meta name=\"twitter:label1\" content=\"Est. reading time\" \/>\n\t<meta name=\"twitter:data1\" content=\"7 minutes\" \/>\n<script type=\"application\/ld+json\" class=\"yoast-schema-graph\">{\"@context\":\"https:\/\/schema.org\",\"@graph\":[{\"@type\":\"WebPage\",\"@id\":\"https:\/\/inika.net\/eu\/produktuak\/\",\"url\":\"https:\/\/inika.net\/eu\/produktuak\/\",\"name\":\"Produktuak - Inika - Software de gesti\u00f3n acad\u00e9mica\",\"isPartOf\":{\"@id\":\"https:\/\/inika.net\/#website\"},\"datePublished\":\"2019-09-11T14:45:34+00:00\",\"dateModified\":\"2022-02-01T12:05:19+00:00\",\"inLanguage\":\"eu-ES\",\"potentialAction\":[{\"@type\":\"ReadAction\",\"target\":[\"https:\/\/inika.net\/eu\/produktuak\/\"]}]},{\"@type\":\"WebSite\",\"@id\":\"https:\/\/inika.net\/#website\",\"url\":\"https:\/\/inika.net\/\",\"name\":\"Inika - Software de gesti\u00f3n acad\u00e9mica\",\"description\":\"Inika es el software de gesti\u00f3n acad\u00e9mica, una soluci\u00f3n integral para centros de ense\u00f1anza.\",\"potentialAction\":[{\"@type\":\"SearchAction\",\"target\":{\"@type\":\"EntryPoint\",\"urlTemplate\":\"https:\/\/inika.net\/?s={search_term_string}\"},\"query-input\":{\"@type\":\"PropertyValueSpecification\",\"valueRequired\":true,\"valueName\":\"search_term_string\"}}],\"inLanguage\":\"eu-ES\"}]}<\/script>\n<!-- \/ Yoast SEO plugin. -->","yoast_head_json":{"title":"Produktuak - Inika - Software de gesti\u00f3n acad\u00e9mica","robots":{"index":"index","follow":"follow","max-snippet":"max-snippet:-1","max-image-preview":"max-image-preview:large","max-video-preview":"max-video-preview:-1"},"canonical":"https:\/\/inika.net\/eu\/produktuak\/","og_locale":"eu_ES","og_type":"article","og_title":"Produktuak - Inika - Software de gesti\u00f3n acad\u00e9mica","og_url":"https:\/\/inika.net\/eu\/produktuak\/","og_site_name":"Inika - Software de gesti\u00f3n acad\u00e9mica","article_modified_time":"2022-02-01T12:05:19+00:00","twitter_card":"summary_large_image","twitter_misc":{"Est. reading time":"7 minutes"},"schema":{"@context":"https:\/\/schema.org","@graph":[{"@type":"WebPage","@id":"https:\/\/inika.net\/eu\/produktuak\/","url":"https:\/\/inika.net\/eu\/produktuak\/","name":"Produktuak - Inika - Software de gesti\u00f3n acad\u00e9mica","isPartOf":{"@id":"https:\/\/inika.net\/#website"},"datePublished":"2019-09-11T14:45:34+00:00","dateModified":"2022-02-01T12:05:19+00:00","inLanguage":"eu-ES","potentialAction":[{"@type":"ReadAction","target":["https:\/\/inika.net\/eu\/produktuak\/"]}]},{"@type":"WebSite","@id":"https:\/\/inika.net\/#website","url":"https:\/\/inika.net\/","name":"Inika - Software de gesti\u00f3n acad\u00e9mica","description":"Inika es el software de gesti\u00f3n acad\u00e9mica, una soluci\u00f3n integral para centros de ense\u00f1anza.","potentialAction":[{"@type":"SearchAction","target":{"@type":"EntryPoint","urlTemplate":"https:\/\/inika.net\/?s={search_term_string}"},"query-input":{"@type":"PropertyValueSpecification","valueRequired":true,"valueName":"search_term_string"}}],"inLanguage":"eu-ES"}]}},"_links":{"self":[{"href":"https:\/\/inika.net\/eu\/wp-json\/wp\/v2\/pages\/3151","targetHints":{"allow":["GET"]}}],"collection":[{"href":"https:\/\/inika.net\/eu\/wp-json\/wp\/v2\/pages"}],"about":[{"href":"https:\/\/inika.net\/eu\/wp-json\/wp\/v2\/types\/page"}],"author":[{"embeddable":true,"href":"https:\/\/inika.net\/eu\/wp-json\/wp\/v2\/users\/2"}],"replies":[{"embeddable":true,"href":"https:\/\/inika.net\/eu\/wp-json\/wp\/v2\/comments?post=3151"}],"version-history":[{"count":10,"href":"https:\/\/inika.net\/eu\/wp-json\/wp\/v2\/pages\/3151\/revisions"}],"predecessor-version":[{"id":4458,"href":"https:\/\/inika.net\/eu\/wp-json\/wp\/v2\/pages\/3151\/revisions\/4458"}],"up":[{"embeddable":true,"href":"https:\/\/inika.net\/eu\/wp-json\/wp\/v2\/pages\/635"}],"wp:attachment":[{"href":"https:\/\/inika.net\/eu\/wp-json\/wp\/v2\/media?parent=3151"}],"curies":[{"name":"wp","href":"https:\/\/api.w.org\/{rel}","templated":true}]}}